{"id":806,"date":"2024-11-07T01:52:04","date_gmt":"2024-11-07T00:52:04","guid":{"rendered":"https:\/\/ampulse.energy\/?page_id=806"},"modified":"2025-03-13T11:08:43","modified_gmt":"2025-03-13T10:08:43","slug":"services","status":"publish","type":"page","link":"https:\/\/ampulse.energy\/pl\/services\/","title":{"rendered":"Services"},"content":{"rendered":"<div data-elementor-type=\"wp-page\" data-elementor-id=\"806\" class=\"elementor elementor-806\" data-elementor-post-type=\"page\">\n\t\t\t\t<div class=\"elementor-element elementor-element-a97688b e-flex e-con-boxed e-con e-parent\" data-id=\"a97688b\" data-element_type=\"container\" data-e-type=\"container\" data-settings=\"{&quot;background_background&quot;:&quot;classic&quot;}\">\n\t\t\t\t\t<div class=\"e-con-inner\">\n\t\t<div class=\"elementor-element elementor-element-e1c69c7 e-con-full e-flex e-con e-child\" data-id=\"e1c69c7\" data-element_type=\"container\" data-e-type=\"container\">\n\t\t\t\t<div class=\"elementor-element elementor-element-523150c elementor-widget elementor-widget-heading\" data-id=\"523150c\" data-element_type=\"widget\" data-e-type=\"widget\" data-widget_type=\"heading.default\">\n\t\t\t\t<div class=\"elementor-widget-container\">\n\t\t\t\t\t<h2 class=\"elementor-heading-title elementor-size-default\">Projektowanie i in\u017cynieria<\/h2>\t\t\t\t<\/div>\n\t\t\t\t<\/div>\n\t\t\t\t<div class=\"elementor-element elementor-element-f3d2115 elementor-widget elementor-widget-text-editor\" data-id=\"f3d2115\" data-element_type=\"widget\" data-e-type=\"widget\" data-widget_type=\"text-editor.default\">\n\t\t\t\t<div class=\"elementor-widget-container\">\n\t\t\t\t\t\t\t\t\t<p>Zesp\u00f3\u0142 do\u015bwiadczonych ekspert\u00f3w ELTEC specjalizuje si\u0119 w zaawansowanych us\u0142ugach integracji in\u017cynieryjnej, zapewniaj\u0105c, \u017ce transformatory dzia\u0142aj\u0105 z najwy\u017csz\u0105 wydajno\u015bci\u0105 i niezawodno\u015bci\u0105. Dzi\u0119ki innowacyjnym rozwi\u0105zaniom i najnowocze\u015bniejszej technologii optymalizujemy wydajno\u015b\u0107, zwi\u0119kszamy trwa\u0142o\u015b\u0107 i poprawiamy efektywno\u015b\u0107 energetyczn\u0105, zapewniaj\u0105c p\u0142ynne i op\u0142acalne wyniki dostosowane do konkretnych potrzeb.<\/p>\t\t\t\t\t\t\t\t<\/div>\n\t\t\t\t<\/div>\n\t\t\t\t<\/div>\n\t\t<div class=\"elementor-element elementor-element-d49bebf e-con-full e-flex e-con e-child\" data-id=\"d49bebf\" data-element_type=\"container\" data-e-type=\"container\">\n\t\t<div class=\"elementor-element elementor-element-bd5637f e-con-full e-flex e-con e-child\" data-id=\"bd5637f\" data-element_type=\"container\" data-e-type=\"container\">\n\t\t\t\t<div class=\"elementor-element elementor-element-6d54517 elementor-widget elementor-widget-image\" data-id=\"6d54517\" data-element_type=\"widget\" data-e-type=\"widget\" data-widget_type=\"image.default\">\n\t\t\t\t<div class=\"elementor-widget-container\">\n\t\t\t\t\t\t\t\t\t\t\t\t\t\t\t<img fetchpriority=\"high\" decoding=\"async\" width=\"800\" height=\"534\" src=\"https:\/\/ampulse.energy\/wp-content\/uploads\/2025\/02\/electrical-engineer-on-solar-farm-2023-11-27-05-17-23-utc-1024x683.jpg\" class=\"attachment-large size-large wp-image-3427\" alt=\"\" srcset=\"https:\/\/ampulse.energy\/wp-content\/uploads\/2025\/02\/electrical-engineer-on-solar-farm-2023-11-27-05-17-23-utc-1024x683.jpg 1024w, https:\/\/ampulse.energy\/wp-content\/uploads\/2025\/02\/electrical-engineer-on-solar-farm-2023-11-27-05-17-23-utc-300x200.jpg 300w, https:\/\/ampulse.energy\/wp-content\/uploads\/2025\/02\/electrical-engineer-on-solar-farm-2023-11-27-05-17-23-utc-768x512.jpg 768w, https:\/\/ampulse.energy\/wp-content\/uploads\/2025\/02\/electrical-engineer-on-solar-farm-2023-11-27-05-17-23-utc-1536x1024.jpg 1536w, https:\/\/ampulse.energy\/wp-content\/uploads\/2025\/02\/electrical-engineer-on-solar-farm-2023-11-27-05-17-23-utc-2048x1365.jpg 2048w\" sizes=\"(max-width: 800px) 100vw, 800px\" \/>\t\t\t\t\t\t\t\t\t\t\t\t\t\t\t<\/div>\n\t\t\t\t<\/div>\n\t\t\t\t<\/div>\n\t\t\t\t<\/div>\n\t\t\t\t\t<\/div>\n\t\t\t\t<\/div>\n\t\t<div class=\"elementor-element elementor-element-05408d3 e-flex e-con-boxed e-con e-parent\" data-id=\"05408d3\" data-element_type=\"container\" data-e-type=\"container\" data-settings=\"{&quot;background_background&quot;:&quot;classic&quot;}\">\n\t\t\t\t\t<div class=\"e-con-inner\">\n\t\t<div class=\"elementor-element elementor-element-75888b7 e-con-full e-flex e-con e-child\" data-id=\"75888b7\" data-element_type=\"container\" data-e-type=\"container\">\n\t\t<div class=\"elementor-element elementor-element-399a266 e-con-full e-flex e-con e-child\" data-id=\"399a266\" data-element_type=\"container\" data-e-type=\"container\">\n\t\t\t\t<div class=\"elementor-element elementor-element-8c06b86 elementor-widget elementor-widget-image\" data-id=\"8c06b86\" data-element_type=\"widget\" data-e-type=\"widget\" data-widget_type=\"image.default\">\n\t\t\t\t<div class=\"elementor-widget-container\">\n\t\t\t\t\t\t\t\t\t\t\t\t\t\t\t<img fetchpriority=\"high\" decoding=\"async\" width=\"800\" height=\"534\" src=\"https:\/\/ampulse.energy\/wp-content\/uploads\/2025\/02\/electrical-engineer-on-solar-farm-2023-11-27-05-17-23-utc-1024x683.jpg\" class=\"attachment-large size-large wp-image-3427\" alt=\"\" srcset=\"https:\/\/ampulse.energy\/wp-content\/uploads\/2025\/02\/electrical-engineer-on-solar-farm-2023-11-27-05-17-23-utc-1024x683.jpg 1024w, https:\/\/ampulse.energy\/wp-content\/uploads\/2025\/02\/electrical-engineer-on-solar-farm-2023-11-27-05-17-23-utc-300x200.jpg 300w, https:\/\/ampulse.energy\/wp-content\/uploads\/2025\/02\/electrical-engineer-on-solar-farm-2023-11-27-05-17-23-utc-768x512.jpg 768w, https:\/\/ampulse.energy\/wp-content\/uploads\/2025\/02\/electrical-engineer-on-solar-farm-2023-11-27-05-17-23-utc-1536x1024.jpg 1536w, https:\/\/ampulse.energy\/wp-content\/uploads\/2025\/02\/electrical-engineer-on-solar-farm-2023-11-27-05-17-23-utc-2048x1365.jpg 2048w\" sizes=\"(max-width: 800px) 100vw, 800px\" \/>\t\t\t\t\t\t\t\t\t\t\t\t\t\t\t<\/div>\n\t\t\t\t<\/div>\n\t\t\t\t<\/div>\n\t\t\t\t<\/div>\n\t\t<div class=\"elementor-element elementor-element-879ff28 e-con-full e-flex e-con e-child\" data-id=\"879ff28\" data-element_type=\"container\" data-e-type=\"container\">\n\t\t\t\t<div class=\"elementor-element elementor-element-f271dbd elementor-widget elementor-widget-heading\" data-id=\"f271dbd\" data-element_type=\"widget\" data-e-type=\"widget\" data-widget_type=\"heading.default\">\n\t\t\t\t<div class=\"elementor-widget-container\">\n\t\t\t\t\t<h2 class=\"elementor-heading-title elementor-size-default\">Zarz\u0105dzanie projektami<\/h2>\t\t\t\t<\/div>\n\t\t\t\t<\/div>\n\t\t\t\t<div class=\"elementor-element elementor-element-1d17db5 elementor-widget elementor-widget-text-editor\" data-id=\"1d17db5\" data-element_type=\"widget\" data-e-type=\"widget\" data-widget_type=\"text-editor.default\">\n\t\t\t\t<div class=\"elementor-widget-container\">\n\t\t\t\t\t\t\t\t\t<p>Nasi do\u015bwiadczeni kierownicy projekt\u00f3w nadzoruj\u0105 ka\u017cdy etap procesu z precyzj\u0105 i do\u015bwiadczeniem, zapewniaj\u0105c p\u0142ynn\u0105 koordynacj\u0119 i realizacj\u0119. Od wst\u0119pnego planowania i projektowania po produkcj\u0119, rygorystyczne testy i ostateczn\u0105 dostaw\u0119, zarz\u0105dzamy ka\u017cdym krokiem z drobiazgow\u0105 dba\u0142o\u015bci\u0105 o szczeg\u00f3\u0142y, gwarantuj\u0105c wydajno\u015b\u0107, jako\u015b\u0107 i terminowo\u015b\u0107.<\/p>\t\t\t\t\t\t\t\t<\/div>\n\t\t\t\t<\/div>\n\t\t\t\t<\/div>\n\t\t\t\t\t<\/div>\n\t\t\t\t<\/div>\n\t\t<div class=\"elementor-element elementor-element-73b3902 e-flex e-con-boxed e-con e-parent\" data-id=\"73b3902\" data-element_type=\"container\" data-e-type=\"container\" data-settings=\"{&quot;background_background&quot;:&quot;classic&quot;}\">\n\t\t\t\t\t<div class=\"e-con-inner\">\n\t\t<div class=\"elementor-element elementor-element-78652fb e-con-full e-flex e-con e-child\" data-id=\"78652fb\" data-element_type=\"container\" data-e-type=\"container\">\n\t\t\t\t<div class=\"elementor-element elementor-element-dbb0c64 elementor-widget elementor-widget-heading\" data-id=\"dbb0c64\" data-element_type=\"widget\" data-e-type=\"widget\" data-widget_type=\"heading.default\">\n\t\t\t\t<div class=\"elementor-widget-container\">\n\t\t\t\t\t<h2 class=\"elementor-heading-title elementor-size-default\">Gwarancja i wsparcie serwisowe<\/h2>\t\t\t\t<\/div>\n\t\t\t\t<\/div>\n\t\t\t\t<div class=\"elementor-element elementor-element-0b69a2d elementor-widget elementor-widget-text-editor\" data-id=\"0b69a2d\" data-element_type=\"widget\" data-e-type=\"widget\" data-widget_type=\"text-editor.default\">\n\t\t\t\t<div class=\"elementor-widget-container\">\n\t\t\t\t\t\t\t\t\t<p>Oferujemy kompleksow\u0105 lokaln\u0105 gwarancj\u0119 i wsparcie serwisowe dla wszystkich naszych transformator\u00f3w mocy, zapewniaj\u0105c spok\u00f3j ducha i d\u0142ugoterminow\u0105 niezawodno\u015b\u0107. Nasz oddany zesp\u00f3\u0142 jest zawsze gotowy do pomocy w zakresie szybkiej konserwacji, napraw i wszelkich innych potrzeb serwisowych, zapewniaj\u0105c ci\u0105g\u0142\u0105, niezawodn\u0105 wydajno\u015b\u0107 przez ca\u0142y okres eksploatacji sprz\u0119tu.<\/p>\t\t\t\t\t\t\t\t<\/div>\n\t\t\t\t<\/div>\n\t\t\t\t<\/div>\n\t\t<div class=\"elementor-element elementor-element-07017b3 e-con-full e-flex e-con e-child\" data-id=\"07017b3\" data-element_type=\"container\" data-e-type=\"container\">\n\t\t<div class=\"elementor-element elementor-element-d94d161 e-con-full e-flex e-con e-child\" data-id=\"d94d161\" data-element_type=\"container\" data-e-type=\"container\">\n\t\t\t\t<div class=\"elementor-element elementor-element-eb44a54 elementor-widget elementor-widget-image\" data-id=\"eb44a54\" data-element_type=\"widget\" data-e-type=\"widget\" data-widget_type=\"image.default\">\n\t\t\t\t<div class=\"elementor-widget-container\">\n\t\t\t\t\t\t\t\t\t\t\t\t\t\t\t<img fetchpriority=\"high\" decoding=\"async\" width=\"800\" height=\"534\" src=\"https:\/\/ampulse.energy\/wp-content\/uploads\/2025\/02\/electrical-engineer-on-solar-farm-2023-11-27-05-17-23-utc-1024x683.jpg\" class=\"attachment-large size-large wp-image-3427\" alt=\"\" srcset=\"https:\/\/ampulse.energy\/wp-content\/uploads\/2025\/02\/electrical-engineer-on-solar-farm-2023-11-27-05-17-23-utc-1024x683.jpg 1024w, https:\/\/ampulse.energy\/wp-content\/uploads\/2025\/02\/electrical-engineer-on-solar-farm-2023-11-27-05-17-23-utc-300x200.jpg 300w, https:\/\/ampulse.energy\/wp-content\/uploads\/2025\/02\/electrical-engineer-on-solar-farm-2023-11-27-05-17-23-utc-768x512.jpg 768w, https:\/\/ampulse.energy\/wp-content\/uploads\/2025\/02\/electrical-engineer-on-solar-farm-2023-11-27-05-17-23-utc-1536x1024.jpg 1536w, https:\/\/ampulse.energy\/wp-content\/uploads\/2025\/02\/electrical-engineer-on-solar-farm-2023-11-27-05-17-23-utc-2048x1365.jpg 2048w\" sizes=\"(max-width: 800px) 100vw, 800px\" \/>\t\t\t\t\t\t\t\t\t\t\t\t\t\t\t<\/div>\n\t\t\t\t<\/div>\n\t\t\t\t<\/div>\n\t\t\t\t<\/div>\n\t\t\t\t\t<\/div>\n\t\t\t\t<\/div>\n\t\t\t\t<\/div>","protected":false},"excerpt":{"rendered":"<p>Design and Engineering ELTEC\u2019s team of seasoned experts specializes in advanced engineering integration services, ensuring transformers operate at peak efficiency and reliability. Through innovative solutions and state-of-the-art technology, we optimize performance, enhance durability, and improve energy efficiency, delivering seamless and cost-effective results tailored to your specific needs. Project Management Our experienced project managers oversee every [&hellip;]<\/p>\n","protected":false},"author":1,"featured_media":0,"parent":0,"menu_order":0,"comment_status":"closed","ping_status":"closed","template":"elementor_header_footer","meta":{"_acf_changed":false,"footnotes":""},"class_list":["post-806","page","type-page","status-publish","hentry"],"acf":[],"_links":{"self":[{"href":"https:\/\/ampulse.energy\/pl\/wp-json\/wp\/v2\/pages\/806","targetHints":{"allow":["GET"]}}],"collection":[{"href":"https:\/\/ampulse.energy\/pl\/wp-json\/wp\/v2\/pages"}],"about":[{"href":"https:\/\/ampulse.energy\/pl\/wp-json\/wp\/v2\/types\/page"}],"author":[{"embeddable":true,"href":"https:\/\/ampulse.energy\/pl\/wp-json\/wp\/v2\/users\/1"}],"replies":[{"embeddable":true,"href":"https:\/\/ampulse.energy\/pl\/wp-json\/wp\/v2\/comments?post=806"}],"version-history":[{"count":91,"href":"https:\/\/ampulse.energy\/pl\/wp-json\/wp\/v2\/pages\/806\/revisions"}],"predecessor-version":[{"id":4655,"href":"https:\/\/ampulse.energy\/pl\/wp-json\/wp\/v2\/pages\/806\/revisions\/4655"}],"wp:attachment":[{"href":"https:\/\/ampulse.energy\/pl\/wp-json\/wp\/v2\/media?parent=806"}],"curies":[{"name":"wp","href":"https:\/\/api.w.org\/{rel}","templated":true}]}}