{"id":5860,"date":"2025-09-29T13:31:00","date_gmt":"2025-09-29T11:31:00","guid":{"rendered":"https:\/\/ampulse.energy\/?page_id=5860"},"modified":"2025-09-29T14:00:31","modified_gmt":"2025-09-29T12:00:31","slug":"privacy-policy","status":"publish","type":"page","link":"https:\/\/ampulse.energy\/pl\/privacy-policy\/","title":{"rendered":"Polityka prywatno\u015bci"},"content":{"rendered":"<div data-elementor-type=\"wp-page\" data-elementor-id=\"5860\" class=\"elementor elementor-5860\" data-elementor-post-type=\"page\">\n\t\t\t\t<div class=\"elementor-element elementor-element-6ee0097 e-flex e-con-boxed e-con e-parent\" data-id=\"6ee0097\" data-element_type=\"container\" data-e-type=\"container\" data-settings=\"{&quot;background_background&quot;:&quot;classic&quot;}\">\n\t\t\t\t\t<div class=\"e-con-inner\">\n\t\t\t\t<div class=\"elementor-element elementor-element-ffb2f2f elementor-widget elementor-widget-spacer\" data-id=\"ffb2f2f\" data-element_type=\"widget\" data-e-type=\"widget\" data-widget_type=\"spacer.default\">\n\t\t\t\t<div class=\"elementor-widget-container\">\n\t\t\t\t\t\t\t<div class=\"elementor-spacer\">\n\t\t\t<div class=\"elementor-spacer-inner\"><\/div>\n\t\t<\/div>\n\t\t\t\t\t\t<\/div>\n\t\t\t\t<\/div>\n\t\t\t\t\t<\/div>\n\t\t\t\t<\/div>\n\t\t<div class=\"elementor-element elementor-element-14728857 e-flex e-con-boxed e-con e-parent\" data-id=\"14728857\" data-element_type=\"container\" data-e-type=\"container\">\n\t\t\t\t\t<div class=\"e-con-inner\">\n\t\t\t\t<div class=\"elementor-element elementor-element-5013423 elementor-widget elementor-widget-heading\" data-id=\"5013423\" data-element_type=\"widget\" data-e-type=\"widget\" data-widget_type=\"heading.default\">\n\t\t\t\t<div class=\"elementor-widget-container\">\n\t\t\t\t\t<h2 class=\"elementor-heading-title elementor-size-default\">Polityka prywatno\u015bci<\/h2>\t\t\t\t<\/div>\n\t\t\t\t<\/div>\n\t\t\t\t<div class=\"elementor-element elementor-element-1c8e7607 elementor-widget elementor-widget-text-editor\" data-id=\"1c8e7607\" data-element_type=\"widget\" data-e-type=\"widget\" data-widget_type=\"text-editor.default\">\n\t\t\t\t<div class=\"elementor-widget-container\">\n\t\t\t\t\t\t\t\t\t\n<p><strong>1. Og\u00f3lne wskaz\u00f3wki<\/strong><\/p>\n\n\n\n<p>My, Ampulse GmbH, bardzo dbamy o ochron\u0119 danych osobowych u\u017cytkownik\u00f3w. Gromadzenie i przetwarzanie danych u\u017cytkownika odbywa si\u0119 w powi\u0105zaniu z firm\u0105 Ampulse GmbH. <strong>Datenschutz-Grundverordnung (DSGVO)<\/strong>, dem <strong>Bundesdatenschutzgesetz (BDSG)<\/strong> i dem <strong>Telekommunikation-Telemedien-Datenschutz-Gesetz (TTDSG)<\/strong>.<\/p>\n\n\n\n<p><strong>2. Verantwortlicher<\/strong><\/p>\n\n\n\n<p>Ampulse GmbH<br>Reuchlinstr. 10<br>Aufgang R, 5. OG<br>10553 Berlin<br>Telefon: +49 30 346 49 1931<br>E-mail: info@ampulse.energy<\/p>\n\n\n\n<p><strong>3. Erhebung und Verarbeitung personenbezogener Daten<\/strong><\/p>\n\n\n\n<ul class=\"wp-block-list\">\n<li><strong>Server-Log-Daten<\/strong>: Po wej\u015bciu na nasz\u0105 stron\u0119 internetow\u0105 automatycznie pobierane s\u0105 nast\u0119puj\u0105ce dane: IP-Adresse, Datum\/Uhrzeit des Zugriffs, aufgerufene Seiten, Browsertyp\/-version, Betriebssystem. Odbywa si\u0119 to na podstawie Art. 6 Abs. 1 lit. f DSGVO z uwzgl\u0119dnieniem prawnie uzasadnionego interesu zwi\u0105zanego z bezpiecze\u0144stwem i stabilno\u015bci\u0105 system\u00f3w. Dane zostan\u0105 usuni\u0119te najp\u00f3\u017aniej po 7 dniach, je\u015bli nie jest wymagane \u017cadne istotne dla bezpiecze\u0144stwa zabezpieczenie.<\/li>\n\n\n\n<li><strong>Formularze kontaktowe \/ wiadomo\u015bci e-mail<\/strong>: Dane uzyskane od u\u017cytkownika (m.in. imi\u0119 i nazwisko, adres e-mail, numer telefonu, numer wiadomo\u015bci) s\u0105 przetwarzane wy\u0142\u0105cznie w celu przetworzenia jego wniosku (art. 6 ust. 1 lit. b DSGVO).<\/li>\n\n\n\n<li><strong>Pliki cookie<\/strong>: Nasza witryna wykorzystuje pliki cookie.\n<ul class=\"wp-block-list\">\n<li><strong>Niezb\u0119dne pliki cookie<\/strong> (z. B. f\u00fcr Login, Sicherheit, Spracheinstellungen) werden ohne Einwilligung gesetzt (\u00a7 25 Abs. 2 TTDSG, Art. 6 Abs. 1 lit. f DSGVO).<\/li>\n\n\n\n<li><strong>Optionale Cookies<\/strong> (z. B. Analyse-, Tracking-Cookies) werden nur mit Ihrer Einwilligung gesetzt (Art. 6 Abs. 1 lit. a DSGVO, \u00a7 25 Abs. 1 TTDSG).<br>Swoj\u0105 zgod\u0119 mo\u017cna potwierdzi\u0107 za po\u015brednictwem banera plik\u00f3w cookie.<\/li>\n<\/ul>\n<\/li>\n<\/ul>\n\n\n\n<p><strong>4. Korzystanie z Google Analytics<\/strong><\/p>\n\n\n\n<p>Diese Website nutzt <strong>Google Analytics<\/strong>Google Ireland Limited.<\/p>\n\n\n\n<ul class=\"wp-block-list\">\n<li>Google Analytics wykorzystuje pliki cookie, kt\u00f3re umo\u017cliwiaj\u0105 analiz\u0119 korzystania z witryny przez u\u017cytkownika.<\/li>\n\n\n\n<li>Uzyskane w ten spos\u00f3b informacje s\u0105 przekazywane na serwer Google w USA i tam przetwarzane.<\/li>\n\n\n\n<li>Korzystamy z funkcji \"anonimizacji adres\u00f3w IP\", je\u015bli adres IP u\u017cytkownika w UE\/ EWR zosta\u0142 uzyskany przed usuni\u0119ciem.<\/li>\n\n\n\n<li>Die Verarbeitung erfolgt auf Grundlage Ihrer Einwilligung (Art. 6 Abs. 1 lit. a DSGVO).<\/li>\n\n\n\n<li>Przekazywanie danych w USA odbywa si\u0119 na podstawie nast\u0119puj\u0105cych zasad <strong>EU-Standardvertragsklauseln (SCC)<\/strong> i des <strong>Angemessenheitsbeschlusses dla ram prywatno\u015bci danych UE-USA<\/strong>.<\/li>\n<\/ul>\n\n\n\n<p>Swoj\u0105 zgod\u0119 mo\u017cna potwierdzi\u0107 za po\u015brednictwem banera plik\u00f3w cookie.<\/p>\n\n\n\n<p><strong>5. Speicherdauer<\/strong><\/p>\n\n\n\n<p>Dane osobowe b\u0119d\u0105 przetwarzane tylko tak d\u0142ugo, jak b\u0119dzie to konieczne dla danego Zwecke lub jak d\u0142ugo b\u0119d\u0105 obowi\u0105zywa\u0142y ustawowe warunki u\u017cytkowania.<br>Przyk\u0142ad: Server-Log-Daten werden in der Regel nach 7 Tagen gel\u00f6scht, Kontaktanfragen nach Abschluss der Bearbeitung, sofern keine gesetzlichen Aufbewahrungsfristen entgegenstehen.<\/p>\n\n\n\n<p><strong>6. Usuwanie danych<\/strong><\/p>\n\n\n\n<p>Weitergabe Ihrer personenbezogenen Daten an Dritte erfolgt nur als dies gesetzlich vorgeschrieben ist, zur Vertragserf\u00fcllung erforderlich ist (z. B. IT-Dienstleister, Hosting-Provider, Logistikunternehmen) or Sie ausdr\u00fccklich eingewilligt haben.<\/p>\n\n\n\n<p><strong>7. Rechte der betroffenen Personen<\/strong><\/p>\n\n\n\n<p>Sie haben das Recht auf:<\/p>\n\n\n\n<ul class=\"wp-block-list\">\n<li>Auskunft (art. 15 DSGVO)<\/li>\n\n\n\n<li>Berichtigung (art. 16 DSGVO)<\/li>\n\n\n\n<li>L\u00f6schung (art. 17 DSGVO)<\/li>\n\n\n\n<li>Einschr\u00e4nkung der Verarbeitung (art. 18 DSGVO)<\/li>\n\n\n\n<li>Ochrona danych osobowych (art. 20 DSGVO)<\/li>\n\n\n\n<li>Widerspruch (art. 21 DSGVO)<\/li>\n\n\n\n<li>Widerruf Ihrer Einwilligung (art. 7 DSGVO)<\/li>\n<\/ul>\n\n\n\n<p>W zwi\u0105zku z tym obowi\u0105zuje prawo, zgodnie z kt\u00f3rym nie mo\u017cna dokonywa\u0107 narusze\u0144 w zwi\u0105zku z ochron\u0105 danych osobowych - w szczeg\u00f3lno\u015bci w odniesieniu do <strong>Berliner Beauftragten f\u00fcr Datenschutz und Informationsfreiheit<\/strong> lub w przypadku odpowiedniego zachowania w miejscu zamieszkania.<\/p>\n\n\n\n<p><strong>8. Datenschutzkontakt \/ Datenschutzbeauftragter<\/strong><\/p>\n\n\n\n<p>W przypadku pyta\u0144 lub w\u0105tpliwo\u015bci dotycz\u0105cych ochrony danych osobowych prosimy o kontakt:<br>E-mail: info@ampulse.energy<\/p>\n\n\n\n<p>Je\u015bli dostawca danych osobowych zgodnie z Art. 37 DSGVO bestellt sein, wird dessen Kontakt hier ver\u00f6ffentlicht.<\/p>\n\n\n\n<p><strong>9. Zmiany w sposobie zarz\u0105dzania danymi<\/strong><\/p>\n\n\n\n<p>Zwracamy uwag\u0119 na to, \u017ce niniejsza procedura kontroli danych nie jest dozwolona w przypadku zmiany przepis\u00f3w lub zmian w naszych zasadach dzia\u0142ania. Aktualna wersja jest dost\u0119pna na naszej stronie internetowej.<\/p>\n\t\t\t\t\t\t\t\t<\/div>\n\t\t\t\t<\/div>\n\t\t\t\t\t<\/div>\n\t\t\t\t<\/div>\n\t\t\t\t<\/div>","protected":false},"excerpt":{"rendered":"<p>1. Allgemeine Hinweise Wir, die Ampulse GmbH, nehmen den Schutz Ihrer personenbezogenen Daten sehr ernst. Die Erhebung und Verarbeitung Ihrer Daten erfolgt im Einklang mit der Datenschutz-Grundverordnung (DSGVO), dem Bundesdatenschutzgesetz (BDSG) und dem Telekommunikation-Telemedien-Datenschutz-Gesetz (TTDSG). 2. Verantwortlicher Ampulse GmbHReuchlinstr. 10Aufgang R, 5. OG10553 BerlinTelefon: +49 30 346 49 1931E-Mail: info@ampulse.energy 3. Erhebung und Verarbeitung personenbezogener [&hellip;]<\/p>\n","protected":false},"author":6,"featured_media":0,"parent":0,"menu_order":0,"comment_status":"closed","ping_status":"closed","template":"","meta":{"_acf_changed":false,"footnotes":""},"class_list":["post-5860","page","type-page","status-publish","hentry"],"acf":[],"_links":{"self":[{"href":"https:\/\/ampulse.energy\/pl\/wp-json\/wp\/v2\/pages\/5860","targetHints":{"allow":["GET"]}}],"collection":[{"href":"https:\/\/ampulse.energy\/pl\/wp-json\/wp\/v2\/pages"}],"about":[{"href":"https:\/\/ampulse.energy\/pl\/wp-json\/wp\/v2\/types\/page"}],"author":[{"embeddable":true,"href":"https:\/\/ampulse.energy\/pl\/wp-json\/wp\/v2\/users\/6"}],"replies":[{"embeddable":true,"href":"https:\/\/ampulse.energy\/pl\/wp-json\/wp\/v2\/comments?post=5860"}],"version-history":[{"count":14,"href":"https:\/\/ampulse.energy\/pl\/wp-json\/wp\/v2\/pages\/5860\/revisions"}],"predecessor-version":[{"id":5877,"href":"https:\/\/ampulse.energy\/pl\/wp-json\/wp\/v2\/pages\/5860\/revisions\/5877"}],"wp:attachment":[{"href":"https:\/\/ampulse.energy\/pl\/wp-json\/wp\/v2\/media?parent=5860"}],"curies":[{"name":"wp","href":"https:\/\/api.w.org\/{rel}","templated":true}]}}