{"id":5848,"date":"2025-09-29T09:15:33","date_gmt":"2025-09-29T07:15:33","guid":{"rendered":"https:\/\/ampulse.energy\/?page_id=5848"},"modified":"2025-09-29T13:59:55","modified_gmt":"2025-09-29T11:59:55","slug":"terms-of-use","status":"publish","type":"page","link":"https:\/\/ampulse.energy\/pl\/terms-of-use\/","title":{"rendered":"Warunki u\u017cytkowania"},"content":{"rendered":"<div data-elementor-type=\"wp-page\" data-elementor-id=\"5848\" class=\"elementor elementor-5848\" data-elementor-post-type=\"page\">\n\t\t\t\t<div class=\"elementor-element elementor-element-7329b55 e-flex e-con-boxed e-con e-parent\" data-id=\"7329b55\" data-element_type=\"container\" data-e-type=\"container\" data-settings=\"{&quot;background_background&quot;:&quot;classic&quot;}\">\n\t\t\t\t\t<div class=\"e-con-inner\">\n\t\t\t\t<div class=\"elementor-element elementor-element-9b34ab3 elementor-widget elementor-widget-spacer\" data-id=\"9b34ab3\" data-element_type=\"widget\" data-e-type=\"widget\" data-widget_type=\"spacer.default\">\n\t\t\t\t<div class=\"elementor-widget-container\">\n\t\t\t\t\t\t\t<div class=\"elementor-spacer\">\n\t\t\t<div class=\"elementor-spacer-inner\"><\/div>\n\t\t<\/div>\n\t\t\t\t\t\t<\/div>\n\t\t\t\t<\/div>\n\t\t\t\t\t<\/div>\n\t\t\t\t<\/div>\n\t\t<div class=\"elementor-element elementor-element-5ec3b43e e-flex e-con-boxed e-con e-parent\" data-id=\"5ec3b43e\" data-element_type=\"container\" data-e-type=\"container\">\n\t\t\t\t\t<div class=\"e-con-inner\">\n\t\t\t\t<div class=\"elementor-element elementor-element-b19de21 elementor-widget elementor-widget-heading\" data-id=\"b19de21\" data-element_type=\"widget\" data-e-type=\"widget\" data-widget_type=\"heading.default\">\n\t\t\t\t<div class=\"elementor-widget-container\">\n\t\t\t\t\t<h2 class=\"elementor-heading-title elementor-size-default\">Warunki u\u017cytkowania<\/h2>\t\t\t\t<\/div>\n\t\t\t\t<\/div>\n\t\t\t\t<div class=\"elementor-element elementor-element-73dc76 elementor-widget elementor-widget-text-editor\" data-id=\"73dc76\" data-element_type=\"widget\" data-e-type=\"widget\" data-widget_type=\"text-editor.default\">\n\t\t\t\t<div class=\"elementor-widget-container\">\n\t\t\t\t\t\t\t\t\t\n<p><strong>1. Geltungsbereich<\/strong><\/p>\n\n<p>Niniejsze warunki korzystania reguluj\u0105 korzystanie z witryny internetowej firmy Ampulse GmbH (zwanej dalej \"Ampulse\"). Poprzez wej\u015bcie na t\u0119 witryn\u0119 i korzystanie z niej u\u017cytkownik rozumie niniejsze warunki.<\/p>\n\n<p><strong>2. Inhalte der Website<\/strong><\/p>\n\n<p>Informacje zawarte w tej Witrynie zawieraj\u0105 wszystkie og\u00f3lne informacje. Ampulse k\u0142adzie nacisk na aktualno\u015b\u0107, kompletno\u015b\u0107 i bogactwo prezentowanych informacji, nie podaj\u0105c przy tym \u017cadnych przyczyn.<\/p>\n\n<p><strong>3. Urheberrecht<\/strong><\/p>\n\n<p>Wszystkie teksty, ilustracje, grafiki i inne tre\u015bci naruszaj\u0105 prawo autorskie. U\u017cytkowanie, rozpowszechnianie lub \u0142amanie w celach prywatnych i niekomercyjnych jest sprzeczne z obowi\u0105zuj\u0105cym prawem Ampulse.<\/p>\n\n<p><strong>4. Haftung<\/strong><\/p>\n\n<p>Ampulse ponosi odpowiedzialno\u015b\u0107 za szkody powsta\u0142e w zwi\u0105zku z korzystaniem lub niekorzystaniem z niniejszej witryny internetowej, wy\u0142\u0105cznie w przypadku wadliwego lub niew\u0142a\u015bciwego u\u017cytkowania.<br \/>Die Haftungsbeschr\u00e4nkung gilt <strong>nicht<\/strong> za szkody wynikaj\u0105ce z uszczerbku na \u017cyciu, zdrowiu lub mieniu, a tak\u017ce za szkody wynikaj\u0105ce z ustawy o ochronie produkt\u00f3w.<br \/>Ampulse nie ma \u017cadnej gwarancji dla zewn\u0119trznych stron internetowych, do kt\u00f3rych prowadz\u0105 linki.<\/p>\n\n<p><strong>5. Zmiany w przepisach wykonawczych<\/strong><\/p>\n\n<p>Ampulse dba o to, aby te warunki by\u0142y zawsze aktualne. W szczeg\u00f3lno\u015bci jest to tylko wersja, kt\u00f3ra zosta\u0142a opublikowana na stronie internetowej. Zmiany dotycz\u0105 tylko przysz\u0142o\u015bci. W przypadku wprowadzenia zmian na stronie internetowej po ich opublikowaniu, u\u017cytkownik uzyskuje zgod\u0119 na ich wprowadzenie.<\/p>\n\n<p><strong>6. Anwendbares Recht und Streitbeilegung<\/strong><\/p>\n\n<p>Es gilt das Recht der Bundesrepublik Deutschland.<br \/>Komisja Europejska udost\u0119pnia platform\u0119 do prowadzenia dzia\u0142alno\u015bci online (OS-Plattform): https:\/\/ec.europa.eu\/consumers\/odr.<br \/>Ampulse nie jest w \u017caden spos\u00f3b zabezpieczony i nie mo\u017ce by\u0107 pod\u0142\u0105czony do Streitbeilegungsverfahren vor einer Verbraucherschlichtungsstelle.<\/p>\n\t\t\t\t\t\t\t\t<\/div>\n\t\t\t\t<\/div>\n\t\t\t\t\t<\/div>\n\t\t\t\t<\/div>\n\t\t\t\t<\/div>","protected":false},"excerpt":{"rendered":"<p>1. Geltungsbereich Diese Nutzungsbedingungen regeln die Nutzung der Website der Ampulse GmbH (nachfolgend \u201eAmpulse\u201c). Durch den Zugriff auf und die Nutzung dieser Website erkl\u00e4ren Sie sich mit diesen Bedingungen einverstanden. 2. Inhalte der Website Die Inhalte dieser Website dienen ausschlie\u00dflich allgemeinen Informationszwecken. Ampulse bem\u00fcht sich um Aktualit\u00e4t, Vollst\u00e4ndigkeit und Richtigkeit der bereitgestellten Informationen, \u00fcbernimmt jedoch [&hellip;]<\/p>\n","protected":false},"author":6,"featured_media":0,"parent":0,"menu_order":0,"comment_status":"closed","ping_status":"closed","template":"","meta":{"_acf_changed":false,"footnotes":""},"class_list":["post-5848","page","type-page","status-publish","hentry"],"acf":[],"_links":{"self":[{"href":"https:\/\/ampulse.energy\/pl\/wp-json\/wp\/v2\/pages\/5848","targetHints":{"allow":["GET"]}}],"collection":[{"href":"https:\/\/ampulse.energy\/pl\/wp-json\/wp\/v2\/pages"}],"about":[{"href":"https:\/\/ampulse.energy\/pl\/wp-json\/wp\/v2\/types\/page"}],"author":[{"embeddable":true,"href":"https:\/\/ampulse.energy\/pl\/wp-json\/wp\/v2\/users\/6"}],"replies":[{"embeddable":true,"href":"https:\/\/ampulse.energy\/pl\/wp-json\/wp\/v2\/comments?post=5848"}],"version-history":[{"count":18,"href":"https:\/\/ampulse.energy\/pl\/wp-json\/wp\/v2\/pages\/5848\/revisions"}],"predecessor-version":[{"id":5887,"href":"https:\/\/ampulse.energy\/pl\/wp-json\/wp\/v2\/pages\/5848\/revisions\/5887"}],"wp:attachment":[{"href":"https:\/\/ampulse.energy\/pl\/wp-json\/wp\/v2\/media?parent=5848"}],"curies":[{"name":"wp","href":"https:\/\/api.w.org\/{rel}","templated":true}]}}