{"id":2508,"date":"2024-12-06T16:06:22","date_gmt":"2024-12-06T15:06:22","guid":{"rendered":"https:\/\/ampulse.energy\/?page_id=2508"},"modified":"2025-09-29T08:55:08","modified_gmt":"2025-09-29T06:55:08","slug":"imprint","status":"publish","type":"page","link":"https:\/\/ampulse.energy\/pl\/imprint\/","title":{"rendered":"Nadruk"},"content":{"rendered":"<div data-elementor-type=\"wp-page\" data-elementor-id=\"2508\" class=\"elementor elementor-2508\" data-elementor-post-type=\"page\">\n\t\t\t\t<div class=\"elementor-element elementor-element-4019bc0 e-flex e-con-boxed e-con e-parent\" data-id=\"4019bc0\" data-element_type=\"container\" data-e-type=\"container\">\n\t\t\t\t\t<div class=\"e-con-inner\">\n\t\t<div class=\"elementor-element elementor-element-da315c6 e-con-full e-flex e-con e-child\" data-id=\"da315c6\" data-element_type=\"container\" data-e-type=\"container\" data-settings=\"{&quot;background_background&quot;:&quot;classic&quot;}\">\n\t\t\t\t<div class=\"elementor-element elementor-element-e6541be elementor-widget elementor-widget-heading\" data-id=\"e6541be\" data-element_type=\"widget\" data-e-type=\"widget\" data-widget_type=\"heading.default\">\n\t\t\t\t<div class=\"elementor-widget-container\">\n\t\t\t\t\t<h2 class=\"elementor-heading-title elementor-size-default\">IMPRINT<\/h2>\t\t\t\t<\/div>\n\t\t\t\t<\/div>\n\t\t\t\t<div class=\"elementor-element elementor-element-1678512 elementor-widget elementor-widget-text-editor\" data-id=\"1678512\" data-element_type=\"widget\" data-e-type=\"widget\" data-widget_type=\"text-editor.default\">\n\t\t\t\t<div class=\"elementor-widget-container\">\n\t\t\t\t\t\t\t\t\t<p style=\"font-weight: 400;\"><strong>Ampulse GmbH<\/strong><\/p><p style=\"font-weight: 400;\">Reuchlinstr. 10 \/ Aufgang R, 5 pi\u0119tro<\/p><p style=\"font-weight: 400;\">10553 Berlin<\/p><p style=\"font-weight: 400;\">Telefon: +49 30 346 4919 31<\/p><p style=\"font-weight: 400;\">E-mail: info@ampulse.energy<\/p><p style=\"font-weight: 400;\">Dyrektor zarz\u0105dzaj\u0105cy: Bj\u00f6rn Heidrich<\/p><p style=\"font-weight: 400;\">Upowa\u017cnieni sygnatariusze (Procuration): Murray Greer, Sergey Garmash (\u0142\u0105cznie)<\/p><p style=\"font-weight: 400;\">S\u0105d rejestrowy: AG Charlottenburg HRB266680<\/p><p style=\"font-weight: 400;\">IDENTYFIKATOR VAT: DE370420245<\/p><p style=\"font-weight: 400;\">Miejsce wykonania i jurysdykcja: Berlin<\/p><hr \/><h3>Zastrze\u017cenie<\/h3><p>W wyroku z dnia 12 wrze\u015bnia 1999 r. - 312 O 85\/99 - \"Odpowiedzialno\u015b\u0107 za linki\", S\u0105d Okr\u0119gowy w Hamburgu orzek\u0142, \u017ce umieszczaj\u0105c link, mo\u017cna zosta\u0107 poci\u0105gni\u0119tym do wsp\u00f3\u0142odpowiedzialno\u015bci za tre\u015b\u0107 strony, do kt\u00f3rej prowadzi link. Zdaniem s\u0105du mo\u017cna tego unikn\u0105\u0107 jedynie poprzez wyra\u017ane zdystansowanie si\u0119 od tych tre\u015bci. Niniejszym wyra\u017anie dystansujemy si\u0119 od wszystkich tre\u015bci powi\u0105zanych stron lub grafik i nie przyjmujemy ich jako w\u0142asnych. Wszelkie naruszenia obowi\u0105zuj\u0105cego prawa, etykiety lub dobrych obyczaj\u00f3w, o kt\u00f3rych zostaniemy poinformowani, spowoduj\u0105 natychmiastowe usuni\u0119cie link\u00f3w, wpis\u00f3w, grafik lub podobnych tre\u015bci.<\/p><hr \/><h4>Zastrze\u017cenie:<\/h4><ol><li><p><strong>Tre\u015b\u0107 oferty online<\/strong><br \/>Autor nie ponosi odpowiedzialno\u015bci za aktualno\u015b\u0107, poprawno\u015b\u0107, kompletno\u015b\u0107 ani jako\u015b\u0107 udost\u0119pnianych informacji. Roszczenia wobec autora z tytu\u0142u odpowiedzialno\u015bci za szkody materialne lub niematerialne spowodowane wykorzystaniem lub niewykorzystaniem dostarczonych informacji lub wykorzystaniem nieprawid\u0142owych i niekompletnych informacji s\u0105 zasadniczo wykluczone, chyba \u017ce mo\u017cna udowodni\u0107, \u017ce autor dzia\u0142a\u0142 umy\u015blnie lub dopu\u015bci\u0142 si\u0119 ra\u017c\u0105cego zaniedbania. Wszystkie oferty mog\u0105 ulec zmianie i nie s\u0105 wi\u0105\u017c\u0105ce. Autor wyra\u017anie zastrzega sobie prawo do zmiany, uzupe\u0142nienia, usuni\u0119cia cz\u0119\u015bci stron lub ca\u0142ej oferty bez osobnego og\u0142oszenia lub do tymczasowego lub trwa\u0142ego zaprzestania publikacji.<\/p><\/li><li><p><strong>Referencje i linki<\/strong><br \/>W przypadku bezpo\u015brednich lub po\u015brednich odniesie\u0144 do zewn\u0119trznych stron internetowych (\"hiper\u0142\u0105cza\") znajduj\u0105cych si\u0119 poza obszarem odpowiedzialno\u015bci autora, zobowi\u0105zanie do odpowiedzialno\u015bci powstaje tylko w przypadku, gdy autor posiada wiedz\u0119 o tre\u015bci i by\u0142oby technicznie mo\u017cliwe i uzasadnione, aby autor zapobieg\u0142 ich wykorzystaniu w przypadku nielegalnych tre\u015bci. Autor niniejszym wyra\u017anie o\u015bwiadcza, \u017ce w momencie tworzenia link\u00f3w na stronach, do kt\u00f3rych prowadz\u0105 linki, nie by\u0142o \u017cadnych nielegalnych tre\u015bci. Autor nie ma \u017cadnego wp\u0142ywu na obecny lub przysz\u0142y wygl\u0105d, tre\u015b\u0107 lub autorstwo stron, do kt\u00f3rych prowadz\u0105 linki. W zwi\u0105zku z tym autor wyra\u017anie dystansuje si\u0119 od wszystkich tre\u015bci na wszystkich po\u0142\u0105czonych \/ po\u0142\u0105czonych stronach, kt\u00f3re zosta\u0142y zmienione po utworzeniu link\u00f3w. Dotyczy to wszystkich link\u00f3w i odniesie\u0144 na w\u0142asnej stronie internetowej autora, a tak\u017ce wpis\u00f3w os\u00f3b trzecich w ksi\u0119gach go\u015bci, forach dyskusyjnych i listach mailingowych utworzonych przez autora. Za nielegalne, b\u0142\u0119dne lub niekompletne tre\u015bci, a w szczeg\u00f3lno\u015bci za szkody powsta\u0142e w wyniku wykorzystania lub niewykorzystania takich dostarczonych informacji, wy\u0142\u0105czn\u0105 odpowiedzialno\u015b\u0107 ponosi dostawca przywo\u0142ywanej strony, a nie ten, kto jedynie odsy\u0142a do publikacji za po\u015brednictwem link\u00f3w.<\/p><\/li><li><p><strong>Prawo autorskie i prawo znak\u00f3w towarowych<\/strong><br \/>Autor stara si\u0119 przestrzega\u0107 praw autorskich do grafik, dokument\u00f3w d\u017awi\u0119kowych, sekwencji wideo i tekst\u00f3w wykorzystywanych we wszystkich publikacjach, wykorzystywa\u0107 grafiki, dokumenty d\u017awi\u0119kowe, sekwencje wideo i teksty stworzone przez autora lub polega\u0107 na grafikach, dokumentach d\u017awi\u0119kowych, sekwencjach wideo i tekstach wolnych od licencji. Wszystkie znaki towarowe i nazwy marek wymienione w ofercie internetowej i ewentualnie chronione przez osoby trzecie podlegaj\u0105 bez ogranicze\u0144 przepisom obowi\u0105zuj\u0105cego prawa o znakach towarowych i prawom w\u0142asno\u015bci odpowiedniego zarejestrowanego w\u0142a\u015bciciela. Sama wzmianka nie oznacza, \u017ce znaki towarowe nie s\u0105 chronione prawami os\u00f3b trzecich! Prawa autorskie do opublikowanych obiekt\u00f3w stworzonych przez autora nale\u017c\u0105 wy\u0142\u0105cznie do autora stron. Powielanie lub wykorzystywanie takich grafik, dokument\u00f3w d\u017awi\u0119kowych, sekwencji wideo i tekst\u00f3w w innych publikacjach elektronicznych lub drukowanych jest niedozwolone bez wyra\u017anej zgody autora.<\/p><\/li><li><p><strong>Wa\u017cno\u015b\u0107 prawna niniejszego zastrze\u017cenia<\/strong><br \/>Niniejsze wy\u0142\u0105czenie odpowiedzialno\u015bci nale\u017cy traktowa\u0107 jako cz\u0119\u015b\u0107 strony internetowej, z kt\u00f3rej nast\u0105pi\u0142o przekierowanie. Je\u015bli fragmenty lub poszczeg\u00f3lne sformu\u0142owania niniejszego tekstu nie s\u0105, przesta\u0142y by\u0107 lub nie s\u0105 w pe\u0142ni zgodne z obowi\u0105zuj\u0105cym stanem prawnym, pozosta\u0142e cz\u0119\u015bci dokumentu pozostaj\u0105 nienaruszone w swojej tre\u015bci i wa\u017cno\u015bci.<\/p><\/li><\/ol>\t\t\t\t\t\t\t\t<\/div>\n\t\t\t\t<\/div>\n\t\t\t\t<\/div>\n\t\t\t\t\t<\/div>\n\t\t\t\t<\/div>\n\t\t\t\t<\/div>","protected":false},"excerpt":{"rendered":"<p>IMPRINT Ampulse GmbH Reuchlinstr. 10 \/ Aufgang R, 5th Floor 10553 Berlin Phone: +49 30 346 4919 31 Email: info@ampulse.energy Managing Director: Bj\u00f6rn Heidrich Authorized signatories (Procuration): Murray Greer, Sergey Garmash (jointly) Register Court: AG Charlottenburg HRB266680 VAT ID: DE370420245 Place of Performance and Jurisdiction: Berlin Disclaimer With the ruling of September 12, 1999 \u2013 [&hellip;]<\/p>\n","protected":false},"author":1,"featured_media":0,"parent":0,"menu_order":0,"comment_status":"closed","ping_status":"closed","template":"elementor_header_footer","meta":{"_acf_changed":false,"footnotes":""},"class_list":["post-2508","page","type-page","status-publish","hentry"],"acf":[],"_links":{"self":[{"href":"https:\/\/ampulse.energy\/pl\/wp-json\/wp\/v2\/pages\/2508","targetHints":{"allow":["GET"]}}],"collection":[{"href":"https:\/\/ampulse.energy\/pl\/wp-json\/wp\/v2\/pages"}],"about":[{"href":"https:\/\/ampulse.energy\/pl\/wp-json\/wp\/v2\/types\/page"}],"author":[{"embeddable":true,"href":"https:\/\/ampulse.energy\/pl\/wp-json\/wp\/v2\/users\/1"}],"replies":[{"embeddable":true,"href":"https:\/\/ampulse.energy\/pl\/wp-json\/wp\/v2\/comments?post=2508"}],"version-history":[{"count":67,"href":"https:\/\/ampulse.energy\/pl\/wp-json\/wp\/v2\/pages\/2508\/revisions"}],"predecessor-version":[{"id":5844,"href":"https:\/\/ampulse.energy\/pl\/wp-json\/wp\/v2\/pages\/2508\/revisions\/5844"}],"wp:attachment":[{"href":"https:\/\/ampulse.energy\/pl\/wp-json\/wp\/v2\/media?parent=2508"}],"curies":[{"name":"wp","href":"https:\/\/api.w.org\/{rel}","templated":true}]}}