{"id":806,"date":"2024-11-07T01:52:04","date_gmt":"2024-11-07T00:52:04","guid":{"rendered":"https:\/\/ampulse.energy\/?page_id=806"},"modified":"2025-03-13T11:08:43","modified_gmt":"2025-03-13T10:08:43","slug":"services","status":"publish","type":"page","link":"https:\/\/ampulse.energy\/gd\/services\/","title":{"rendered":"Services"},"content":{"rendered":"<div data-elementor-type=\"wp-page\" data-elementor-id=\"806\" class=\"elementor elementor-806\" data-elementor-post-type=\"page\">\n\t\t\t\t<div class=\"elementor-element elementor-element-a97688b e-flex e-con-boxed e-con e-parent\" data-id=\"a97688b\" data-element_type=\"container\" data-e-type=\"container\" data-settings=\"{&quot;background_background&quot;:&quot;classic&quot;}\">\n\t\t\t\t\t<div class=\"e-con-inner\">\n\t\t<div class=\"elementor-element elementor-element-e1c69c7 e-con-full e-flex e-con e-child\" data-id=\"e1c69c7\" data-element_type=\"container\" data-e-type=\"container\">\n\t\t\t\t<div class=\"elementor-element elementor-element-523150c elementor-widget elementor-widget-heading\" data-id=\"523150c\" data-element_type=\"widget\" data-e-type=\"widget\" data-widget_type=\"heading.default\">\n\t\t\t\t<div class=\"elementor-widget-container\">\n\t\t\t\t\t<h2 class=\"elementor-heading-title elementor-size-default\">Dealbhadh agus Innleadaireachd<\/h2>\t\t\t\t<\/div>\n\t\t\t\t<\/div>\n\t\t\t\t<div class=\"elementor-element elementor-element-f3d2115 elementor-widget elementor-widget-text-editor\" data-id=\"f3d2115\" data-element_type=\"widget\" data-e-type=\"widget\" data-widget_type=\"text-editor.default\">\n\t\t\t\t<div class=\"elementor-widget-container\">\n\t\t\t\t\t\t\t\t\t<p>Tha sgioba de e\u00f2laichean e\u00f2lach ELTEC a\u2019 speisealachadh ann an seirbheisean amalachaidh innleadaireachd adhartach, a\u2019 d\u00e8anamh cinnteach gu bheil claochladairean ag obair aig an \u00e8ifeachdas agus an earbsachd as \u00e0irde. Tro fhuasglaidhean \u00f9r-ghn\u00e0thach agus teicne\u00f2las \u00f9r-nodha, bidh sinn a\u2019 leasachadh coileanadh, a\u2019 neartachadh seasmhachd, agus a\u2019 leasachadh \u00e8ifeachdas l\u00f9tha, a\u2019 l\u00ecbhrigeadh thoraidhean gun fhiosta agus cosg-\u00e8ifeachdach a tha freagarrach do na feumalachdan s\u00f2nraichte agad.<\/p>\t\t\t\t\t\t\t\t<\/div>\n\t\t\t\t<\/div>\n\t\t\t\t<\/div>\n\t\t<div class=\"elementor-element elementor-element-d49bebf e-con-full e-flex e-con e-child\" data-id=\"d49bebf\" data-element_type=\"container\" data-e-type=\"container\">\n\t\t<div class=\"elementor-element elementor-element-bd5637f e-con-full e-flex e-con e-child\" data-id=\"bd5637f\" data-element_type=\"container\" data-e-type=\"container\">\n\t\t\t\t<div class=\"elementor-element elementor-element-6d54517 elementor-widget elementor-widget-image\" data-id=\"6d54517\" data-element_type=\"widget\" data-e-type=\"widget\" data-widget_type=\"image.default\">\n\t\t\t\t<div class=\"elementor-widget-container\">\n\t\t\t\t\t\t\t\t\t\t\t\t\t\t\t<img fetchpriority=\"high\" decoding=\"async\" width=\"800\" height=\"534\" src=\"https:\/\/ampulse.energy\/wp-content\/uploads\/2025\/02\/electrical-engineer-on-solar-farm-2023-11-27-05-17-23-utc-1024x683.jpg\" class=\"attachment-large size-large wp-image-3427\" alt=\"\" srcset=\"https:\/\/ampulse.energy\/wp-content\/uploads\/2025\/02\/electrical-engineer-on-solar-farm-2023-11-27-05-17-23-utc-1024x683.jpg 1024w, https:\/\/ampulse.energy\/wp-content\/uploads\/2025\/02\/electrical-engineer-on-solar-farm-2023-11-27-05-17-23-utc-300x200.jpg 300w, https:\/\/ampulse.energy\/wp-content\/uploads\/2025\/02\/electrical-engineer-on-solar-farm-2023-11-27-05-17-23-utc-768x512.jpg 768w, https:\/\/ampulse.energy\/wp-content\/uploads\/2025\/02\/electrical-engineer-on-solar-farm-2023-11-27-05-17-23-utc-1536x1024.jpg 1536w, https:\/\/ampulse.energy\/wp-content\/uploads\/2025\/02\/electrical-engineer-on-solar-farm-2023-11-27-05-17-23-utc-2048x1365.jpg 2048w\" sizes=\"(max-width: 800px) 100vw, 800px\" \/>\t\t\t\t\t\t\t\t\t\t\t\t\t\t\t<\/div>\n\t\t\t\t<\/div>\n\t\t\t\t<\/div>\n\t\t\t\t<\/div>\n\t\t\t\t\t<\/div>\n\t\t\t\t<\/div>\n\t\t<div class=\"elementor-element elementor-element-05408d3 e-flex e-con-boxed e-con e-parent\" data-id=\"05408d3\" data-element_type=\"container\" data-e-type=\"container\" data-settings=\"{&quot;background_background&quot;:&quot;classic&quot;}\">\n\t\t\t\t\t<div class=\"e-con-inner\">\n\t\t<div class=\"elementor-element elementor-element-75888b7 e-con-full e-flex e-con e-child\" data-id=\"75888b7\" data-element_type=\"container\" data-e-type=\"container\">\n\t\t<div class=\"elementor-element elementor-element-399a266 e-con-full e-flex e-con e-child\" data-id=\"399a266\" data-element_type=\"container\" data-e-type=\"container\">\n\t\t\t\t<div class=\"elementor-element elementor-element-8c06b86 elementor-widget elementor-widget-image\" data-id=\"8c06b86\" data-element_type=\"widget\" data-e-type=\"widget\" data-widget_type=\"image.default\">\n\t\t\t\t<div class=\"elementor-widget-container\">\n\t\t\t\t\t\t\t\t\t\t\t\t\t\t\t<img fetchpriority=\"high\" decoding=\"async\" width=\"800\" height=\"534\" src=\"https:\/\/ampulse.energy\/wp-content\/uploads\/2025\/02\/electrical-engineer-on-solar-farm-2023-11-27-05-17-23-utc-1024x683.jpg\" class=\"attachment-large size-large wp-image-3427\" alt=\"\" srcset=\"https:\/\/ampulse.energy\/wp-content\/uploads\/2025\/02\/electrical-engineer-on-solar-farm-2023-11-27-05-17-23-utc-1024x683.jpg 1024w, https:\/\/ampulse.energy\/wp-content\/uploads\/2025\/02\/electrical-engineer-on-solar-farm-2023-11-27-05-17-23-utc-300x200.jpg 300w, https:\/\/ampulse.energy\/wp-content\/uploads\/2025\/02\/electrical-engineer-on-solar-farm-2023-11-27-05-17-23-utc-768x512.jpg 768w, https:\/\/ampulse.energy\/wp-content\/uploads\/2025\/02\/electrical-engineer-on-solar-farm-2023-11-27-05-17-23-utc-1536x1024.jpg 1536w, https:\/\/ampulse.energy\/wp-content\/uploads\/2025\/02\/electrical-engineer-on-solar-farm-2023-11-27-05-17-23-utc-2048x1365.jpg 2048w\" sizes=\"(max-width: 800px) 100vw, 800px\" \/>\t\t\t\t\t\t\t\t\t\t\t\t\t\t\t<\/div>\n\t\t\t\t<\/div>\n\t\t\t\t<\/div>\n\t\t\t\t<\/div>\n\t\t<div class=\"elementor-element elementor-element-879ff28 e-con-full e-flex e-con e-child\" data-id=\"879ff28\" data-element_type=\"container\" data-e-type=\"container\">\n\t\t\t\t<div class=\"elementor-element elementor-element-f271dbd elementor-widget elementor-widget-heading\" data-id=\"f271dbd\" data-element_type=\"widget\" data-e-type=\"widget\" data-widget_type=\"heading.default\">\n\t\t\t\t<div class=\"elementor-widget-container\">\n\t\t\t\t\t<h2 class=\"elementor-heading-title elementor-size-default\">Riaghladh Phr\u00f2iseactan<\/h2>\t\t\t\t<\/div>\n\t\t\t\t<\/div>\n\t\t\t\t<div class=\"elementor-element elementor-element-1d17db5 elementor-widget elementor-widget-text-editor\" data-id=\"1d17db5\" data-element_type=\"widget\" data-e-type=\"widget\" data-widget_type=\"text-editor.default\">\n\t\t\t\t<div class=\"elementor-widget-container\">\n\t\t\t\t\t\t\t\t\t<p>Bidh ar manaidsearan pr\u00f2iseict e\u00f2lach a\u2019 cumail s\u00f9il air gach \u00ecre den phr\u00f2iseas le mionaideachd agus e\u00f2las, a\u2019 d\u00e8anamh cinnteach \u00e0 co-\u00f2rdanachadh agus coileanadh gun fhiosta. Bho phlanadh is dealbhadh t\u00f9sail gu saothrachadh, deuchainnean teann, agus l\u00ecbhrigeadh deireannach, bidh sinn a\u2019 riaghladh gach ceum le aire mhionaideach do mhion-fhiosrachadh, a\u2019 gealltainn \u00e8ifeachdas, c\u00e0ileachd, agus cr\u00ecochnachadh ann an \u00e0m.<\/p>\t\t\t\t\t\t\t\t<\/div>\n\t\t\t\t<\/div>\n\t\t\t\t<\/div>\n\t\t\t\t\t<\/div>\n\t\t\t\t<\/div>\n\t\t<div class=\"elementor-element elementor-element-73b3902 e-flex e-con-boxed e-con e-parent\" data-id=\"73b3902\" data-element_type=\"container\" data-e-type=\"container\" data-settings=\"{&quot;background_background&quot;:&quot;classic&quot;}\">\n\t\t\t\t\t<div class=\"e-con-inner\">\n\t\t<div class=\"elementor-element elementor-element-78652fb e-con-full e-flex e-con e-child\" data-id=\"78652fb\" data-element_type=\"container\" data-e-type=\"container\">\n\t\t\t\t<div class=\"elementor-element elementor-element-dbb0c64 elementor-widget elementor-widget-heading\" data-id=\"dbb0c64\" data-element_type=\"widget\" data-e-type=\"widget\" data-widget_type=\"heading.default\">\n\t\t\t\t<div class=\"elementor-widget-container\">\n\t\t\t\t\t<h2 class=\"elementor-heading-title elementor-size-default\">Barantas &amp; Taic Seirbheis<\/h2>\t\t\t\t<\/div>\n\t\t\t\t<\/div>\n\t\t\t\t<div class=\"elementor-element elementor-element-0b69a2d elementor-widget elementor-widget-text-editor\" data-id=\"0b69a2d\" data-element_type=\"widget\" data-e-type=\"widget\" data-widget_type=\"text-editor.default\">\n\t\t\t\t<div class=\"elementor-widget-container\">\n\t\t\t\t\t\t\t\t\t<p>Bidh sinn a\u2019 tabhann barantas ionadail coileanta agus taic seirbheis airson ar toraidhean claochladair cumhachd uile, a\u2019 d\u00e8anamh cinnteach \u00e0 fois inntinn agus earbsachd fad-\u00f9ine. Tha an sgioba d\u00eccheallach againn an-c\u00f2mhnaidh deiseil airson cuideachadh le cumail suas, c\u00e0radh agus feumalachdan seirbheis sam bith eile, a\u2019 toirt dhut coileanadh leantainneach, earbsach fad beatha an uidheamachd agad.<\/p>\t\t\t\t\t\t\t\t<\/div>\n\t\t\t\t<\/div>\n\t\t\t\t<\/div>\n\t\t<div class=\"elementor-element elementor-element-07017b3 e-con-full e-flex e-con e-child\" data-id=\"07017b3\" data-element_type=\"container\" data-e-type=\"container\">\n\t\t<div class=\"elementor-element elementor-element-d94d161 e-con-full e-flex e-con e-child\" data-id=\"d94d161\" data-element_type=\"container\" data-e-type=\"container\">\n\t\t\t\t<div class=\"elementor-element elementor-element-eb44a54 elementor-widget elementor-widget-image\" data-id=\"eb44a54\" data-element_type=\"widget\" data-e-type=\"widget\" data-widget_type=\"image.default\">\n\t\t\t\t<div class=\"elementor-widget-container\">\n\t\t\t\t\t\t\t\t\t\t\t\t\t\t\t<img fetchpriority=\"high\" decoding=\"async\" width=\"800\" height=\"534\" src=\"https:\/\/ampulse.energy\/wp-content\/uploads\/2025\/02\/electrical-engineer-on-solar-farm-2023-11-27-05-17-23-utc-1024x683.jpg\" class=\"attachment-large size-large wp-image-3427\" alt=\"\" srcset=\"https:\/\/ampulse.energy\/wp-content\/uploads\/2025\/02\/electrical-engineer-on-solar-farm-2023-11-27-05-17-23-utc-1024x683.jpg 1024w, https:\/\/ampulse.energy\/wp-content\/uploads\/2025\/02\/electrical-engineer-on-solar-farm-2023-11-27-05-17-23-utc-300x200.jpg 300w, https:\/\/ampulse.energy\/wp-content\/uploads\/2025\/02\/electrical-engineer-on-solar-farm-2023-11-27-05-17-23-utc-768x512.jpg 768w, https:\/\/ampulse.energy\/wp-content\/uploads\/2025\/02\/electrical-engineer-on-solar-farm-2023-11-27-05-17-23-utc-1536x1024.jpg 1536w, https:\/\/ampulse.energy\/wp-content\/uploads\/2025\/02\/electrical-engineer-on-solar-farm-2023-11-27-05-17-23-utc-2048x1365.jpg 2048w\" sizes=\"(max-width: 800px) 100vw, 800px\" \/>\t\t\t\t\t\t\t\t\t\t\t\t\t\t\t<\/div>\n\t\t\t\t<\/div>\n\t\t\t\t<\/div>\n\t\t\t\t<\/div>\n\t\t\t\t\t<\/div>\n\t\t\t\t<\/div>\n\t\t\t\t<\/div>","protected":false},"excerpt":{"rendered":"<p>Design and Engineering ELTEC\u2019s team of seasoned experts specializes in advanced engineering integration services, ensuring transformers operate at peak efficiency and reliability. Through innovative solutions and state-of-the-art technology, we optimize performance, enhance durability, and improve energy efficiency, delivering seamless and cost-effective results tailored to your specific needs. Project Management Our experienced project managers oversee every [&hellip;]<\/p>\n","protected":false},"author":1,"featured_media":0,"parent":0,"menu_order":0,"comment_status":"closed","ping_status":"closed","template":"elementor_header_footer","meta":{"_acf_changed":false,"footnotes":""},"class_list":["post-806","page","type-page","status-publish","hentry"],"acf":[],"_links":{"self":[{"href":"https:\/\/ampulse.energy\/gd\/wp-json\/wp\/v2\/pages\/806","targetHints":{"allow":["GET"]}}],"collection":[{"href":"https:\/\/ampulse.energy\/gd\/wp-json\/wp\/v2\/pages"}],"about":[{"href":"https:\/\/ampulse.energy\/gd\/wp-json\/wp\/v2\/types\/page"}],"author":[{"embeddable":true,"href":"https:\/\/ampulse.energy\/gd\/wp-json\/wp\/v2\/users\/1"}],"replies":[{"embeddable":true,"href":"https:\/\/ampulse.energy\/gd\/wp-json\/wp\/v2\/comments?post=806"}],"version-history":[{"count":91,"href":"https:\/\/ampulse.energy\/gd\/wp-json\/wp\/v2\/pages\/806\/revisions"}],"predecessor-version":[{"id":4655,"href":"https:\/\/ampulse.energy\/gd\/wp-json\/wp\/v2\/pages\/806\/revisions\/4655"}],"wp:attachment":[{"href":"https:\/\/ampulse.energy\/gd\/wp-json\/wp\/v2\/media?parent=806"}],"curies":[{"name":"wp","href":"https:\/\/api.w.org\/{rel}","templated":true}]}}