{"id":5848,"date":"2025-09-29T09:15:33","date_gmt":"2025-09-29T07:15:33","guid":{"rendered":"https:\/\/ampulse.energy\/?page_id=5848"},"modified":"2025-09-29T13:59:55","modified_gmt":"2025-09-29T11:59:55","slug":"terms-of-use","status":"publish","type":"page","link":"https:\/\/ampulse.energy\/gd\/terms-of-use\/","title":{"rendered":"Cumhachan Cleachdaidh"},"content":{"rendered":"<div data-elementor-type=\"wp-page\" data-elementor-id=\"5848\" class=\"elementor elementor-5848\" data-elementor-post-type=\"page\">\n\t\t\t\t<div class=\"elementor-element elementor-element-7329b55 e-flex e-con-boxed e-con e-parent\" data-id=\"7329b55\" data-element_type=\"container\" data-e-type=\"container\" data-settings=\"{&quot;background_background&quot;:&quot;classic&quot;}\">\n\t\t\t\t\t<div class=\"e-con-inner\">\n\t\t\t\t<div class=\"elementor-element elementor-element-9b34ab3 elementor-widget elementor-widget-spacer\" data-id=\"9b34ab3\" data-element_type=\"widget\" data-e-type=\"widget\" data-widget_type=\"spacer.default\">\n\t\t\t\t<div class=\"elementor-widget-container\">\n\t\t\t\t\t\t\t<div class=\"elementor-spacer\">\n\t\t\t<div class=\"elementor-spacer-inner\"><\/div>\n\t\t<\/div>\n\t\t\t\t\t\t<\/div>\n\t\t\t\t<\/div>\n\t\t\t\t\t<\/div>\n\t\t\t\t<\/div>\n\t\t<div class=\"elementor-element elementor-element-5ec3b43e e-flex e-con-boxed e-con e-parent\" data-id=\"5ec3b43e\" data-element_type=\"container\" data-e-type=\"container\">\n\t\t\t\t\t<div class=\"e-con-inner\">\n\t\t\t\t<div class=\"elementor-element elementor-element-b19de21 elementor-widget elementor-widget-heading\" data-id=\"b19de21\" data-element_type=\"widget\" data-e-type=\"widget\" data-widget_type=\"heading.default\">\n\t\t\t\t<div class=\"elementor-widget-container\">\n\t\t\t\t\t<h2 class=\"elementor-heading-title elementor-size-default\">Cumhachan Cleachdaidh<\/h2>\t\t\t\t<\/div>\n\t\t\t\t<\/div>\n\t\t\t\t<div class=\"elementor-element elementor-element-73dc76 elementor-widget elementor-widget-text-editor\" data-id=\"73dc76\" data-element_type=\"widget\" data-e-type=\"widget\" data-widget_type=\"text-editor.default\">\n\t\t\t\t<div class=\"elementor-widget-container\">\n\t\t\t\t\t\t\t\t\t\n<p><strong>1. Bereich Geltungs<\/strong><\/p>\n\n<p>Diese Nutzungsbedingungen regeln die Nutzung der L\u00e0rach-l\u00ecn Ampulse GmbH (nachfolgend \u201eAmpulse\u201d). Durch den Zugriff auf und die Nutzung dieser L\u00e0rach-l\u00ecn erkl\u00e4ren Sie sich mit diesen Bedingungen einverstanden.<\/p>\n\n<p><strong>2. Cuir a-steach an l\u00e0rach-l\u00ecn<\/strong><\/p>\n\n<p>Die Inhalte dieser L\u00e0rach-l\u00ecn a\u2019 faighinn e\u00f2las air fiosrachadh sam bith. Ampulse bem\u00fcht sich um Aktualit\u00e4t, Vollst\u00e4ndigkeit und Richtigkeit der bereitgestellten Informationen, \u00fcbernimmt jedoch hierf\u00fcr keine Gew\u00e4hr.<\/p>\n\n<p><strong>3. Ceart-l\u00e0imhseachaidh<\/strong><\/p>\n\n<p>Alle Texte, Bilder, Grafiken agus sonstigen Inhalte unterliegen dem Urheberrecht. Eine Verwendung, Vervielf\u00e4ltigung oder Verbreitung \u00fcber die pr\u00ecobhaideach und nicht-kommerzielle Nutzung hinaus bedarf der vorherigen schriftlichen Zustimmung von Ampulse.<\/p>\n\n<p><strong>4. Haftung<\/strong><\/p>\n\n<p>Ampulse haftet f\u00fcr Sch\u00e4den, die durch die Nutzung oder Nichtnutzung dieser L\u00e0rach-l\u00ecn entstehen, nur im Falle von Vorsatz oder grober Fahrl\u00e4ssigkeit.<br \/>Die Haftungsbeschr\u00e4nkung gilt <strong>chan eil<\/strong> f\u00fcr Sch\u00e4den aus der Verletzung des Lebens, des K\u00f6rpers oder der Gesundheit sowie f\u00fcr Anspr\u00fcche nach dem Produkthaftungsgesetz.<br \/>F\u00fcr Inhalte externer Webseiten, auf die \u00fcber Ceanglaichean verwiesen wird, \u00fcbernimmt Ampulse keine Verantwortung.<\/p>\n\n<p><strong>5. \u00c4nderungen der Nutzungsbedingungen<\/strong><\/p>\n\n<p>Ampulse beh\u00e4lt sich vor, die Nutzungsbedingungen jederzeit zu \u00e4ndern. Ma\u00dfgeblich ist jeweils die zum Zeitpunkt der Nutzung auf der L\u00e0rach-l\u00ecn ver\u00f6ffentlichte Fassung. \u00c4nderungen gelten nur f\u00fcr die Zukunft. Durch die fortgesetzte Nutzung der L\u00e0rach-l\u00ecn nach Ver\u00f6ffentlichung der \u00c4nderungen erkl\u00e4ren Sie Ihr Einverst\u00e4ndnis.<\/p>\n\n<p><strong>6. Anwendbares Recht und Streitbeilegung<\/strong><\/p>\n\n<p>Es gilt das Recht der Bundesrepublik Deutschland.<br \/>Die Europ\u00e4ische Kommission stellt eine Plattform zur Online-Streitbeilegung (OS-Plattform) le: https:\/\/ec.europa.eu\/consumers\/odr.<br \/>Tha ampulse ist nicht verpflichtet und nicht bereit, an Streitbeilegungsverfahren vor einer Verbraucherschlichtungsstelle teilzunehmen.<\/p>\n\t\t\t\t\t\t\t\t<\/div>\n\t\t\t\t<\/div>\n\t\t\t\t\t<\/div>\n\t\t\t\t<\/div>\n\t\t\t\t<\/div>","protected":false},"excerpt":{"rendered":"<p>1. Geltungsbereich Diese Nutzungsbedingungen regeln die Nutzung der Website der Ampulse GmbH (nachfolgend \u201eAmpulse\u201c). Durch den Zugriff auf und die Nutzung dieser Website erkl\u00e4ren Sie sich mit diesen Bedingungen einverstanden. 2. Inhalte der Website Die Inhalte dieser Website dienen ausschlie\u00dflich allgemeinen Informationszwecken. Ampulse bem\u00fcht sich um Aktualit\u00e4t, Vollst\u00e4ndigkeit und Richtigkeit der bereitgestellten Informationen, \u00fcbernimmt jedoch [&hellip;]<\/p>\n","protected":false},"author":6,"featured_media":0,"parent":0,"menu_order":0,"comment_status":"closed","ping_status":"closed","template":"","meta":{"_acf_changed":false,"footnotes":""},"class_list":["post-5848","page","type-page","status-publish","hentry"],"acf":[],"_links":{"self":[{"href":"https:\/\/ampulse.energy\/gd\/wp-json\/wp\/v2\/pages\/5848","targetHints":{"allow":["GET"]}}],"collection":[{"href":"https:\/\/ampulse.energy\/gd\/wp-json\/wp\/v2\/pages"}],"about":[{"href":"https:\/\/ampulse.energy\/gd\/wp-json\/wp\/v2\/types\/page"}],"author":[{"embeddable":true,"href":"https:\/\/ampulse.energy\/gd\/wp-json\/wp\/v2\/users\/6"}],"replies":[{"embeddable":true,"href":"https:\/\/ampulse.energy\/gd\/wp-json\/wp\/v2\/comments?post=5848"}],"version-history":[{"count":18,"href":"https:\/\/ampulse.energy\/gd\/wp-json\/wp\/v2\/pages\/5848\/revisions"}],"predecessor-version":[{"id":5887,"href":"https:\/\/ampulse.energy\/gd\/wp-json\/wp\/v2\/pages\/5848\/revisions\/5887"}],"wp:attachment":[{"href":"https:\/\/ampulse.energy\/gd\/wp-json\/wp\/v2\/media?parent=5848"}],"curies":[{"name":"wp","href":"https:\/\/api.w.org\/{rel}","templated":true}]}}