{"id":2508,"date":"2024-12-06T16:06:22","date_gmt":"2024-12-06T15:06:22","guid":{"rendered":"https:\/\/ampulse.energy\/?page_id=2508"},"modified":"2025-09-29T08:55:08","modified_gmt":"2025-09-29T06:55:08","slug":"imprint","status":"publish","type":"page","link":"https:\/\/ampulse.energy\/gd\/imprint\/","title":{"rendered":"Cl\u00f2-bhualadh"},"content":{"rendered":"<div data-elementor-type=\"wp-page\" data-elementor-id=\"2508\" class=\"elementor elementor-2508\" data-elementor-post-type=\"page\">\n\t\t\t\t<div class=\"elementor-element elementor-element-4019bc0 e-flex e-con-boxed e-con e-parent\" data-id=\"4019bc0\" data-element_type=\"container\" data-e-type=\"container\">\n\t\t\t\t\t<div class=\"e-con-inner\">\n\t\t<div class=\"elementor-element elementor-element-da315c6 e-con-full e-flex e-con e-child\" data-id=\"da315c6\" data-element_type=\"container\" data-e-type=\"container\" data-settings=\"{&quot;background_background&quot;:&quot;classic&quot;}\">\n\t\t\t\t<div class=\"elementor-element elementor-element-e6541be elementor-widget elementor-widget-heading\" data-id=\"e6541be\" data-element_type=\"widget\" data-e-type=\"widget\" data-widget_type=\"heading.default\">\n\t\t\t\t<div class=\"elementor-widget-container\">\n\t\t\t\t\t<h2 class=\"elementor-heading-title elementor-size-default\">CL\u00d2-BHUALADH<\/h2>\t\t\t\t<\/div>\n\t\t\t\t<\/div>\n\t\t\t\t<div class=\"elementor-element elementor-element-1678512 elementor-widget elementor-widget-text-editor\" data-id=\"1678512\" data-element_type=\"widget\" data-e-type=\"widget\" data-widget_type=\"text-editor.default\">\n\t\t\t\t<div class=\"elementor-widget-container\">\n\t\t\t\t\t\t\t\t\t<p style=\"font-weight: 400;\"><strong>Ampulse GmbH<\/strong><\/p><p style=\"font-weight: 400;\">Reuchlinstr. 10 \/ Aufgang R, 5mh L\u00e0r<\/p><p style=\"font-weight: 400;\">10553 Berlin<\/p><p style=\"font-weight: 400;\">F\u00f2n: +49 30 346 4919 31<\/p><p style=\"font-weight: 400;\">Post-d: info@ampulse.energy<\/p><p style=\"font-weight: 400;\">Sti\u00f9iriche Riaghlaidh: Bj\u00f6rn Heidrich<\/p><p style=\"font-weight: 400;\">Luchd-ainm-sgr\u00ecobhte \u00f9ghdarraichte (Gn\u00ecomhachd): Murray Greer, Sergey Garmash (c\u00f2mhla)<\/p><p style=\"font-weight: 400;\">C\u00f9irt Cl\u00e0raidh: AG Charlottenburg HRB266680<\/p><p style=\"font-weight: 400;\">ID C\u00ecs Luach-Leasaichte: DE370420245<\/p><p style=\"font-weight: 400;\">\u00c0ite Coileanaidh agus Uachdranas: Berlin<\/p><hr \/><h3>\u00c0icheadh<\/h3><p>Leis a\u2019 bhreith air 12 Sultain, 1999 \u2013 312 O 85\/99 \u2013 \u201cBuailteachd airson Ceanglaichean\u201d, cho-dh\u00f9in C\u00f9irt Roinneil Hamburg, le bhith a\u2019 toirt a-steach ceangal, gum faodar neach a chumail co-uallach airson susbaint na duilleige ceangailte. Chan urrainnear seo a sheachnadh, a r\u00e8ir na c\u00f9irte, ach le bhith a\u2019 cumail astar soilleir bho na susbaint sin. Tha sinn le seo a\u2019 cumail astar soilleir bho shusbaint dhuilleagan no grafaigean ceangailte agus chan eil sinn gan gabhail mar ar cuid fh\u00e8in. Ma bhriseas sinn laghan, modhan no moraltachd iomchaidh sam bith a thig gu bhith aithnichte dhuinn, th\u00e8id ceanglaichean, inntrigidhean, grafaigean no susbaint coltach ris a thoirt air falbh sa bhad.<\/p><hr \/><h4>\u00c0icheadh:<\/h4><ol><li><p><strong>Susbaint na Tairgse Air-loidhne<\/strong><br \/>Chan eil an t-\u00f9ghdar a\u2019 gabhail uallach sam bith airson gn\u00e0thachas, ceartas, iomlanachd no c\u00e0ileachd an fhiosrachaidh a chaidh a thoirt seachad. San fharsaingeachd, tha tagraidhean buailteachd an aghaidh an \u00f9ghdair a thaobh milleadh de n\u00e0dar stuthan no neo-stuthan air adhbhrachadh le bhith a\u2019 cleachdadh no gun a bhith a\u2019 cleachdadh an fhiosrachaidh a chaidh a thoirt seachad no le bhith a\u2019 cleachdadh fiosrachadh ce\u00e0rr agus neo-choileanta air an d\u00f9nadh a-mach, mura h-urrainnear a dhearbhadh gun do ghn\u00ecomhaich an t-\u00f9ghdar a dh\u2019aona ghnothach no le dearmad m\u00f2r. Tha a h-uile tairgse fo \u00f9mhlachd atharrachadh agus chan eil iad ceangailteach. Tha an t-\u00f9ghdar gu soilleir a\u2019 gleidheadh na c\u00f2rach p\u00e0irtean de na duilleagan no an tairgse gu l\u00e8ir atharrachadh, cur ris, a dhubhadh \u00e0s gun rabhadh fa leth, no stad a chuir air foillseachadh airson \u00f9ine no gu maireannach.<\/p><\/li><li><p><strong>T\u00f9san agus Ceanglaichean<\/strong><br \/>Airson iomraidhean d\u00ecreach no neo-dh\u00ecreach gu l\u00e0raichean-l\u00ecn taobh a-muigh (\u201chyperlinks\u201d) taobh a-muigh raon uallach an \u00f9ghdair, cha bhiodh dleastanas buailteachd ag \u00e8irigh ach ann an c\u00f9isean far a bheil e\u00f2las aig an \u00f9ghdar air an t-susbaint agus gum biodh e comasach gu teicnigeach agus reusanta don \u00f9ghdar casg a chuir air a chleachdadh ann an c\u00f9isean susbaint m\u00ec-laghail. Tha an t-\u00f9ghdar leis seo ag r\u00e0dh gu soilleir nach robh susbaint m\u00ec-laghail sam bith ri fhaicinn air na duilleagan ceangailte aig an \u00e0m a chaidh na ceanglaichean a chruthachadh. Chan eil buaidh aig an \u00f9ghdar air dealbhadh, susbaint no \u00f9ghdarras nan duilleagan ceangailte\/ceangailte an-dr\u00e0sta no san \u00e0m ri teachd. Mar sin, tha an t-\u00f9ghdar gu soilleir ga astar fh\u00e8in bho gach susbaint air gach duilleag ceangailte\/ceangailte a chaidh atharrachadh bho chaidh na ceanglaichean a shuidheachadh. Tha seo a\u2019 buntainn ri gach ceangal agus iomradh taobh a-staigh l\u00e0rach-l\u00ecn an \u00f9ghdair fh\u00e8in, a bharrachd air inntrigidhean treas-ph\u00e0rtaidh ann an leabhraichean aoighean, f\u00f2raman deasbaid, agus liostaichean puist a chruthaich an t-\u00f9ghdar. Tha solaraiche na duilleige air a bheil iomradh an urra ris an-mh\u00e0in airson susbaint m\u00ec-laghail, ce\u00e0rr no neo-choileanta agus gu s\u00f2nraichte airson milleadh a thig bho bhith a\u2019 cleachdadh no gun a bhith a\u2019 cleachdadh an fhiosrachaidh sin a chaidh a thoirt seachad, chan e an neach a tha d\u00ecreach a\u2019 toirt iomradh air an fhoillseachadh tro cheanglaichean.<\/p><\/li><li><p><strong>Lagh Dlighe-sgr\u00ecobhaidh agus Comharra-malairt<\/strong><br \/>Bidh an t-\u00f9ghdar a\u2019 feuchainn ri urram a thoirt do ch\u00f2raichean-lethbhric nan grafaigean, sgr\u00ecobhainnean fuaim, sreathan bhidio, agus teacsaichean a thathar a\u2019 cleachdadh anns a h-uile foillseachadh, gus grafaigean, sgr\u00ecobhainnean fuaim, sreathan bhidio, agus teacsaichean a chruthaich an t-\u00f9ghdar a chleachdadh, no gus a bhith an urra ri grafaigean, sgr\u00ecobhainnean fuaim, sreathan bhidio, agus teacsaichean gun chead. Tha a h-uile comharra-malairt agus ainmean branda a tha air an ainmeachadh taobh a-staigh an tairgse eadar-l\u00ecn agus a dh\u2019 fhaodadh a bhith air an d\u00econ le treas ph\u00e0rtaidhean fo \u00f9mhlachd gun chuingealachadh do riaghailtean an lagh comharra-malairt iomchaidh agus c\u00f2raichean seilbh an t-sealbhadair cl\u00e0raichte fa leth. Chan eil iomradh a-mh\u00e0in a\u2019 ciallachadh nach eil comharran-malairt air an d\u00econ le c\u00f2raichean treas ph\u00e0rtaidhean! Tha c\u00f2raichean-lethbhric nan nithean foillsichte a chruthaich an t-\u00f9ghdar fhathast aig \u00f9ghdar nan duilleagan a-mh\u00e0in. Chan eil cead air na grafaigean, na sgr\u00ecobhainnean fuaim, na sreathan bhidio, agus na teacsaichean sin a dh\u00f9blachadh no a chleachdadh ann am foillseachaidhean dealanach no cl\u00f2-bhuailte eile \u00e0s aonais cead soilleir an \u00f9ghdair.<\/p><\/li><li><p><strong>Dligheachd Laghail an \u00c0icheadh seo<\/strong><br \/>Thathar a\u2019 meas an \u00e0icheadh seo mar ph\u00e0irt den l\u00e0rach-l\u00ecn \u00e0s an deach iomradh a thoirt air an duilleag seo. Mura h-eil earrannan no foirmlean fa leth den teacsa seo a\u2019 g\u00e8illeadh ris an t-suidheachadh laghail iomchaidh tuilleadh, no mura h-eil iad gu tur a\u2019 g\u00e8illeadh ris an t-suidheachadh laghail iomchaidh, chan eil buaidh sam bith air susbaint is dligheachd nam p\u00e0irtean eile den sgr\u00ecobhainn.<\/p><\/li><\/ol>\t\t\t\t\t\t\t\t<\/div>\n\t\t\t\t<\/div>\n\t\t\t\t<\/div>\n\t\t\t\t\t<\/div>\n\t\t\t\t<\/div>\n\t\t\t\t<\/div>","protected":false},"excerpt":{"rendered":"<p>IMPRINT Ampulse GmbH Reuchlinstr. 10 \/ Aufgang R, 5th Floor 10553 Berlin Phone: +49 30 346 4919 31 Email: info@ampulse.energy Managing Director: Bj\u00f6rn Heidrich Authorized signatories (Procuration): Murray Greer, Sergey Garmash (jointly) Register Court: AG Charlottenburg HRB266680 VAT ID: DE370420245 Place of Performance and Jurisdiction: Berlin Disclaimer With the ruling of September 12, 1999 \u2013 [&hellip;]<\/p>\n","protected":false},"author":1,"featured_media":0,"parent":0,"menu_order":0,"comment_status":"closed","ping_status":"closed","template":"elementor_header_footer","meta":{"_acf_changed":false,"footnotes":""},"class_list":["post-2508","page","type-page","status-publish","hentry"],"acf":[],"_links":{"self":[{"href":"https:\/\/ampulse.energy\/gd\/wp-json\/wp\/v2\/pages\/2508","targetHints":{"allow":["GET"]}}],"collection":[{"href":"https:\/\/ampulse.energy\/gd\/wp-json\/wp\/v2\/pages"}],"about":[{"href":"https:\/\/ampulse.energy\/gd\/wp-json\/wp\/v2\/types\/page"}],"author":[{"embeddable":true,"href":"https:\/\/ampulse.energy\/gd\/wp-json\/wp\/v2\/users\/1"}],"replies":[{"embeddable":true,"href":"https:\/\/ampulse.energy\/gd\/wp-json\/wp\/v2\/comments?post=2508"}],"version-history":[{"count":67,"href":"https:\/\/ampulse.energy\/gd\/wp-json\/wp\/v2\/pages\/2508\/revisions"}],"predecessor-version":[{"id":5844,"href":"https:\/\/ampulse.energy\/gd\/wp-json\/wp\/v2\/pages\/2508\/revisions\/5844"}],"wp:attachment":[{"href":"https:\/\/ampulse.energy\/gd\/wp-json\/wp\/v2\/media?parent=2508"}],"curies":[{"name":"wp","href":"https:\/\/api.w.org\/{rel}","templated":true}]}}