{"id":806,"date":"2024-11-07T01:52:04","date_gmt":"2024-11-07T00:52:04","guid":{"rendered":"https:\/\/ampulse.energy\/?page_id=806"},"modified":"2025-03-13T11:08:43","modified_gmt":"2025-03-13T10:08:43","slug":"services","status":"publish","type":"page","link":"https:\/\/ampulse.energy\/fr\/services\/","title":{"rendered":"Services"},"content":{"rendered":"<div data-elementor-type=\"wp-page\" data-elementor-id=\"806\" class=\"elementor elementor-806\" data-elementor-post-type=\"page\">\n\t\t\t\t<div class=\"elementor-element elementor-element-a97688b e-flex e-con-boxed e-con e-parent\" data-id=\"a97688b\" data-element_type=\"container\" data-e-type=\"container\" data-settings=\"{&quot;background_background&quot;:&quot;classic&quot;}\">\n\t\t\t\t\t<div class=\"e-con-inner\">\n\t\t<div class=\"elementor-element elementor-element-e1c69c7 e-con-full e-flex e-con e-child\" data-id=\"e1c69c7\" data-element_type=\"container\" data-e-type=\"container\">\n\t\t\t\t<div class=\"elementor-element elementor-element-523150c elementor-widget elementor-widget-heading\" data-id=\"523150c\" data-element_type=\"widget\" data-e-type=\"widget\" data-widget_type=\"heading.default\">\n\t\t\t\t<div class=\"elementor-widget-container\">\n\t\t\t\t\t<h2 class=\"elementor-heading-title elementor-size-default\">Conception et ing\u00e9nierie<\/h2>\t\t\t\t<\/div>\n\t\t\t\t<\/div>\n\t\t\t\t<div class=\"elementor-element elementor-element-f3d2115 elementor-widget elementor-widget-text-editor\" data-id=\"f3d2115\" data-element_type=\"widget\" data-e-type=\"widget\" data-widget_type=\"text-editor.default\">\n\t\t\t\t<div class=\"elementor-widget-container\">\n\t\t\t\t\t\t\t\t\t<p>L'\u00e9quipe d'experts chevronn\u00e9s d'ELTEC est sp\u00e9cialis\u00e9e dans les services d'int\u00e9gration technique avanc\u00e9s, garantissant que les transformateurs fonctionnent avec une efficacit\u00e9 et une fiabilit\u00e9 optimales. Gr\u00e2ce \u00e0 des solutions innovantes et \u00e0 une technologie de pointe, nous optimisons les performances, renfor\u00e7ons la durabilit\u00e9 et am\u00e9liorons l'efficacit\u00e9 \u00e9nerg\u00e9tique, pour des r\u00e9sultats transparents et rentables adapt\u00e9s \u00e0 vos besoins sp\u00e9cifiques.<\/p>\t\t\t\t\t\t\t\t<\/div>\n\t\t\t\t<\/div>\n\t\t\t\t<\/div>\n\t\t<div class=\"elementor-element elementor-element-d49bebf e-con-full e-flex e-con e-child\" data-id=\"d49bebf\" data-element_type=\"container\" data-e-type=\"container\">\n\t\t<div class=\"elementor-element elementor-element-bd5637f e-con-full e-flex e-con e-child\" data-id=\"bd5637f\" data-element_type=\"container\" data-e-type=\"container\">\n\t\t\t\t<div class=\"elementor-element elementor-element-6d54517 elementor-widget elementor-widget-image\" data-id=\"6d54517\" data-element_type=\"widget\" data-e-type=\"widget\" data-widget_type=\"image.default\">\n\t\t\t\t<div class=\"elementor-widget-container\">\n\t\t\t\t\t\t\t\t\t\t\t\t\t\t\t<img fetchpriority=\"high\" decoding=\"async\" width=\"800\" height=\"534\" src=\"https:\/\/ampulse.energy\/wp-content\/uploads\/2025\/02\/electrical-engineer-on-solar-farm-2023-11-27-05-17-23-utc-1024x683.jpg\" class=\"attachment-large size-large wp-image-3427\" alt=\"\" srcset=\"https:\/\/ampulse.energy\/wp-content\/uploads\/2025\/02\/electrical-engineer-on-solar-farm-2023-11-27-05-17-23-utc-1024x683.jpg 1024w, https:\/\/ampulse.energy\/wp-content\/uploads\/2025\/02\/electrical-engineer-on-solar-farm-2023-11-27-05-17-23-utc-300x200.jpg 300w, https:\/\/ampulse.energy\/wp-content\/uploads\/2025\/02\/electrical-engineer-on-solar-farm-2023-11-27-05-17-23-utc-768x512.jpg 768w, https:\/\/ampulse.energy\/wp-content\/uploads\/2025\/02\/electrical-engineer-on-solar-farm-2023-11-27-05-17-23-utc-1536x1024.jpg 1536w, https:\/\/ampulse.energy\/wp-content\/uploads\/2025\/02\/electrical-engineer-on-solar-farm-2023-11-27-05-17-23-utc-2048x1365.jpg 2048w\" sizes=\"(max-width: 800px) 100vw, 800px\" \/>\t\t\t\t\t\t\t\t\t\t\t\t\t\t\t<\/div>\n\t\t\t\t<\/div>\n\t\t\t\t<\/div>\n\t\t\t\t<\/div>\n\t\t\t\t\t<\/div>\n\t\t\t\t<\/div>\n\t\t<div class=\"elementor-element elementor-element-05408d3 e-flex e-con-boxed e-con e-parent\" data-id=\"05408d3\" data-element_type=\"container\" data-e-type=\"container\" data-settings=\"{&quot;background_background&quot;:&quot;classic&quot;}\">\n\t\t\t\t\t<div class=\"e-con-inner\">\n\t\t<div class=\"elementor-element elementor-element-75888b7 e-con-full e-flex e-con e-child\" data-id=\"75888b7\" data-element_type=\"container\" data-e-type=\"container\">\n\t\t<div class=\"elementor-element elementor-element-399a266 e-con-full e-flex e-con e-child\" data-id=\"399a266\" data-element_type=\"container\" data-e-type=\"container\">\n\t\t\t\t<div class=\"elementor-element elementor-element-8c06b86 elementor-widget elementor-widget-image\" data-id=\"8c06b86\" data-element_type=\"widget\" data-e-type=\"widget\" data-widget_type=\"image.default\">\n\t\t\t\t<div class=\"elementor-widget-container\">\n\t\t\t\t\t\t\t\t\t\t\t\t\t\t\t<img fetchpriority=\"high\" decoding=\"async\" width=\"800\" height=\"534\" src=\"https:\/\/ampulse.energy\/wp-content\/uploads\/2025\/02\/electrical-engineer-on-solar-farm-2023-11-27-05-17-23-utc-1024x683.jpg\" class=\"attachment-large size-large wp-image-3427\" alt=\"\" srcset=\"https:\/\/ampulse.energy\/wp-content\/uploads\/2025\/02\/electrical-engineer-on-solar-farm-2023-11-27-05-17-23-utc-1024x683.jpg 1024w, https:\/\/ampulse.energy\/wp-content\/uploads\/2025\/02\/electrical-engineer-on-solar-farm-2023-11-27-05-17-23-utc-300x200.jpg 300w, https:\/\/ampulse.energy\/wp-content\/uploads\/2025\/02\/electrical-engineer-on-solar-farm-2023-11-27-05-17-23-utc-768x512.jpg 768w, https:\/\/ampulse.energy\/wp-content\/uploads\/2025\/02\/electrical-engineer-on-solar-farm-2023-11-27-05-17-23-utc-1536x1024.jpg 1536w, https:\/\/ampulse.energy\/wp-content\/uploads\/2025\/02\/electrical-engineer-on-solar-farm-2023-11-27-05-17-23-utc-2048x1365.jpg 2048w\" sizes=\"(max-width: 800px) 100vw, 800px\" \/>\t\t\t\t\t\t\t\t\t\t\t\t\t\t\t<\/div>\n\t\t\t\t<\/div>\n\t\t\t\t<\/div>\n\t\t\t\t<\/div>\n\t\t<div class=\"elementor-element elementor-element-879ff28 e-con-full e-flex e-con e-child\" data-id=\"879ff28\" data-element_type=\"container\" data-e-type=\"container\">\n\t\t\t\t<div class=\"elementor-element elementor-element-f271dbd elementor-widget elementor-widget-heading\" data-id=\"f271dbd\" data-element_type=\"widget\" data-e-type=\"widget\" data-widget_type=\"heading.default\">\n\t\t\t\t<div class=\"elementor-widget-container\">\n\t\t\t\t\t<h2 class=\"elementor-heading-title elementor-size-default\">Gestion de projet<\/h2>\t\t\t\t<\/div>\n\t\t\t\t<\/div>\n\t\t\t\t<div class=\"elementor-element elementor-element-1d17db5 elementor-widget elementor-widget-text-editor\" data-id=\"1d17db5\" data-element_type=\"widget\" data-e-type=\"widget\" data-widget_type=\"text-editor.default\">\n\t\t\t\t<div class=\"elementor-widget-container\">\n\t\t\t\t\t\t\t\t\t<p>Nos chefs de projet exp\u00e9riment\u00e9s supervisent chaque \u00e9tape du processus avec pr\u00e9cision et expertise, assurant une coordination et une ex\u00e9cution sans faille. De la planification et de la conception initiales \u00e0 la fabrication, aux tests rigoureux et \u00e0 la livraison finale, nous g\u00e9rons chaque \u00e9tape avec une attention m\u00e9ticuleuse aux d\u00e9tails, garantissant l'efficacit\u00e9, la qualit\u00e9 et le respect des d\u00e9lais.<\/p>\t\t\t\t\t\t\t\t<\/div>\n\t\t\t\t<\/div>\n\t\t\t\t<\/div>\n\t\t\t\t\t<\/div>\n\t\t\t\t<\/div>\n\t\t<div class=\"elementor-element elementor-element-73b3902 e-flex e-con-boxed e-con e-parent\" data-id=\"73b3902\" data-element_type=\"container\" data-e-type=\"container\" data-settings=\"{&quot;background_background&quot;:&quot;classic&quot;}\">\n\t\t\t\t\t<div class=\"e-con-inner\">\n\t\t<div class=\"elementor-element elementor-element-78652fb e-con-full e-flex e-con e-child\" data-id=\"78652fb\" data-element_type=\"container\" data-e-type=\"container\">\n\t\t\t\t<div class=\"elementor-element elementor-element-dbb0c64 elementor-widget elementor-widget-heading\" data-id=\"dbb0c64\" data-element_type=\"widget\" data-e-type=\"widget\" data-widget_type=\"heading.default\">\n\t\t\t\t<div class=\"elementor-widget-container\">\n\t\t\t\t\t<h2 class=\"elementor-heading-title elementor-size-default\">Garantie et service d'assistance<\/h2>\t\t\t\t<\/div>\n\t\t\t\t<\/div>\n\t\t\t\t<div class=\"elementor-element elementor-element-0b69a2d elementor-widget elementor-widget-text-editor\" data-id=\"0b69a2d\" data-element_type=\"widget\" data-e-type=\"widget\" data-widget_type=\"text-editor.default\">\n\t\t\t\t<div class=\"elementor-widget-container\">\n\t\t\t\t\t\t\t\t\t<p>Nous offrons une garantie locale compl\u00e8te et un service d'assistance pour tous nos transformateurs de puissance, ce qui garantit une tranquillit\u00e9 d'esprit et une fiabilit\u00e9 \u00e0 long terme. Notre \u00e9quipe d\u00e9vou\u00e9e est toujours pr\u00eate \u00e0 vous aider pour une maintenance rapide, des r\u00e9parations et tout autre besoin de service, vous assurant ainsi des performances continues et fiables tout au long de la dur\u00e9e de vie de votre \u00e9quipement.<\/p>\t\t\t\t\t\t\t\t<\/div>\n\t\t\t\t<\/div>\n\t\t\t\t<\/div>\n\t\t<div class=\"elementor-element elementor-element-07017b3 e-con-full e-flex e-con e-child\" data-id=\"07017b3\" data-element_type=\"container\" data-e-type=\"container\">\n\t\t<div class=\"elementor-element elementor-element-d94d161 e-con-full e-flex e-con e-child\" data-id=\"d94d161\" data-element_type=\"container\" data-e-type=\"container\">\n\t\t\t\t<div class=\"elementor-element elementor-element-eb44a54 elementor-widget elementor-widget-image\" data-id=\"eb44a54\" data-element_type=\"widget\" data-e-type=\"widget\" data-widget_type=\"image.default\">\n\t\t\t\t<div class=\"elementor-widget-container\">\n\t\t\t\t\t\t\t\t\t\t\t\t\t\t\t<img fetchpriority=\"high\" decoding=\"async\" width=\"800\" height=\"534\" src=\"https:\/\/ampulse.energy\/wp-content\/uploads\/2025\/02\/electrical-engineer-on-solar-farm-2023-11-27-05-17-23-utc-1024x683.jpg\" class=\"attachment-large size-large wp-image-3427\" alt=\"\" srcset=\"https:\/\/ampulse.energy\/wp-content\/uploads\/2025\/02\/electrical-engineer-on-solar-farm-2023-11-27-05-17-23-utc-1024x683.jpg 1024w, https:\/\/ampulse.energy\/wp-content\/uploads\/2025\/02\/electrical-engineer-on-solar-farm-2023-11-27-05-17-23-utc-300x200.jpg 300w, https:\/\/ampulse.energy\/wp-content\/uploads\/2025\/02\/electrical-engineer-on-solar-farm-2023-11-27-05-17-23-utc-768x512.jpg 768w, https:\/\/ampulse.energy\/wp-content\/uploads\/2025\/02\/electrical-engineer-on-solar-farm-2023-11-27-05-17-23-utc-1536x1024.jpg 1536w, https:\/\/ampulse.energy\/wp-content\/uploads\/2025\/02\/electrical-engineer-on-solar-farm-2023-11-27-05-17-23-utc-2048x1365.jpg 2048w\" sizes=\"(max-width: 800px) 100vw, 800px\" \/>\t\t\t\t\t\t\t\t\t\t\t\t\t\t\t<\/div>\n\t\t\t\t<\/div>\n\t\t\t\t<\/div>\n\t\t\t\t<\/div>\n\t\t\t\t\t<\/div>\n\t\t\t\t<\/div>\n\t\t\t\t<\/div>","protected":false},"excerpt":{"rendered":"<p>Design and Engineering ELTEC\u2019s team of seasoned experts specializes in advanced engineering integration services, ensuring transformers operate at peak efficiency and reliability. Through innovative solutions and state-of-the-art technology, we optimize performance, enhance durability, and improve energy efficiency, delivering seamless and cost-effective results tailored to your specific needs. Project Management Our experienced project managers oversee every [&hellip;]<\/p>\n","protected":false},"author":1,"featured_media":0,"parent":0,"menu_order":0,"comment_status":"closed","ping_status":"closed","template":"elementor_header_footer","meta":{"_acf_changed":false,"footnotes":""},"class_list":["post-806","page","type-page","status-publish","hentry"],"acf":[],"_links":{"self":[{"href":"https:\/\/ampulse.energy\/fr\/wp-json\/wp\/v2\/pages\/806","targetHints":{"allow":["GET"]}}],"collection":[{"href":"https:\/\/ampulse.energy\/fr\/wp-json\/wp\/v2\/pages"}],"about":[{"href":"https:\/\/ampulse.energy\/fr\/wp-json\/wp\/v2\/types\/page"}],"author":[{"embeddable":true,"href":"https:\/\/ampulse.energy\/fr\/wp-json\/wp\/v2\/users\/1"}],"replies":[{"embeddable":true,"href":"https:\/\/ampulse.energy\/fr\/wp-json\/wp\/v2\/comments?post=806"}],"version-history":[{"count":91,"href":"https:\/\/ampulse.energy\/fr\/wp-json\/wp\/v2\/pages\/806\/revisions"}],"predecessor-version":[{"id":4655,"href":"https:\/\/ampulse.energy\/fr\/wp-json\/wp\/v2\/pages\/806\/revisions\/4655"}],"wp:attachment":[{"href":"https:\/\/ampulse.energy\/fr\/wp-json\/wp\/v2\/media?parent=806"}],"curies":[{"name":"wp","href":"https:\/\/api.w.org\/{rel}","templated":true}]}}