{"id":5860,"date":"2025-09-29T13:31:00","date_gmt":"2025-09-29T11:31:00","guid":{"rendered":"https:\/\/ampulse.energy\/?page_id=5860"},"modified":"2025-09-29T14:00:31","modified_gmt":"2025-09-29T12:00:31","slug":"privacy-policy","status":"publish","type":"page","link":"https:\/\/ampulse.energy\/fr\/privacy-policy\/","title":{"rendered":"Politique de confidentialit\u00e9"},"content":{"rendered":"<div data-elementor-type=\"wp-page\" data-elementor-id=\"5860\" class=\"elementor elementor-5860\" data-elementor-post-type=\"page\">\n\t\t\t\t<div class=\"elementor-element elementor-element-6ee0097 e-flex e-con-boxed e-con e-parent\" data-id=\"6ee0097\" data-element_type=\"container\" data-e-type=\"container\" data-settings=\"{&quot;background_background&quot;:&quot;classic&quot;}\">\n\t\t\t\t\t<div class=\"e-con-inner\">\n\t\t\t\t<div class=\"elementor-element elementor-element-ffb2f2f elementor-widget elementor-widget-spacer\" data-id=\"ffb2f2f\" data-element_type=\"widget\" data-e-type=\"widget\" data-widget_type=\"spacer.default\">\n\t\t\t\t<div class=\"elementor-widget-container\">\n\t\t\t\t\t\t\t<div class=\"elementor-spacer\">\n\t\t\t<div class=\"elementor-spacer-inner\"><\/div>\n\t\t<\/div>\n\t\t\t\t\t\t<\/div>\n\t\t\t\t<\/div>\n\t\t\t\t\t<\/div>\n\t\t\t\t<\/div>\n\t\t<div class=\"elementor-element elementor-element-14728857 e-flex e-con-boxed e-con e-parent\" data-id=\"14728857\" data-element_type=\"container\" data-e-type=\"container\">\n\t\t\t\t\t<div class=\"e-con-inner\">\n\t\t\t\t<div class=\"elementor-element elementor-element-5013423 elementor-widget elementor-widget-heading\" data-id=\"5013423\" data-element_type=\"widget\" data-e-type=\"widget\" data-widget_type=\"heading.default\">\n\t\t\t\t<div class=\"elementor-widget-container\">\n\t\t\t\t\t<h2 class=\"elementor-heading-title elementor-size-default\">Politique de confidentialit\u00e9<\/h2>\t\t\t\t<\/div>\n\t\t\t\t<\/div>\n\t\t\t\t<div class=\"elementor-element elementor-element-1c8e7607 elementor-widget elementor-widget-text-editor\" data-id=\"1c8e7607\" data-element_type=\"widget\" data-e-type=\"widget\" data-widget_type=\"text-editor.default\">\n\t\t\t\t<div class=\"elementor-widget-container\">\n\t\t\t\t\t\t\t\t\t\n<p><strong>1. Conseils g\u00e9n\u00e9raux<\/strong><\/p>\n\n\n\n<p>Nous, la soci\u00e9t\u00e9 Ampulse GmbH, sommes tr\u00e8s attach\u00e9s \u00e0 la protection de vos donn\u00e9es personnelles. La collecte et le traitement de vos donn\u00e9es s'effectuent en liaison avec le service de protection des donn\u00e9es d'Ampulse. <strong>Datenschutz-Grundverordnung (DSGVO) (R\u00e8glement sur la protection des donn\u00e9es)<\/strong>, dem <strong>Loi f\u00e9d\u00e9rale sur la protection des donn\u00e9es (BDSG)<\/strong> et dem <strong>Loi sur la protection des donn\u00e9es de Telekommunikation-Telemedien (TTDSG)<\/strong>.<\/p>\n\n\n\n<p><strong>2. Les v\u00e9rificateurs<\/strong><\/p>\n\n\n\n<p>Ampulse GmbH<br>Reuchlinstr. 10<br>Aufgang R, 5. OG<br>10553 Berlin<br>Telefon : +49 30 346 49 1931<br>Courrier \u00e9lectronique : info@ampulse.energy<\/p>\n\n\n\n<p><strong>3. Collecte et traitement des donn\u00e9es personnelles<\/strong><\/p>\n\n\n\n<ul class=\"wp-block-list\">\n<li><strong>Donn\u00e9es du journal du serveur<\/strong>: Lors de la consultation de notre site web, les donn\u00e9es suivantes sont automatiquement collect\u00e9es : Adresse IP, date\/heure d'acc\u00e8s, pages visit\u00e9es, type de navigateur\/version, syst\u00e8me d'exploitation. Cela se fait sur la base de l'article 6, paragraphe 1, de la directive sur la protection des donn\u00e9es. 6 Abs. 1 lit. f DSGVO avec un int\u00e9r\u00eat l\u00e9gitime pour la s\u00e9curit\u00e9 et la stabilit\u00e9 des syst\u00e8mes. Les donn\u00e9es seront conserv\u00e9es au plus tard dans les 7 jours qui suivent, si aucune garantie de s\u00e9curit\u00e9 pertinente n'est exig\u00e9e.<\/li>\n\n\n\n<li><strong>Formulaires de contact \/ r\u00e9ponses aux courriels<\/strong>: Les donn\u00e9es fournies par l'utilisateur (nom, adresse \u00e9lectronique, num\u00e9ro de t\u00e9l\u00e9phone, num\u00e9ro de t\u00e9l\u00e9phone) sont trait\u00e9es de mani\u00e8re appropri\u00e9e en vue du traitement de l'avis de l'utilisateur (article 6, paragraphe 1, point b), de la directive sur la protection des donn\u00e9es).<\/li>\n\n\n\n<li><strong>Cookies<\/strong>: Notre site Internet utilise des cookies.\n<ul class=\"wp-block-list\">\n<li><strong>Cookies ind\u00e9sirables<\/strong> (z. B. f\u00fcr Login, Sicherheit, Spracheinstellungen) werden ohne Einwilligung gesetzt (\u00a7 25 Abs. 2 TTDSG, Art. 6 Abs. 1 lit. f DSGVO).<\/li>\n\n\n\n<li><strong>Optionale Cookies<\/strong> (z. B. Analyse-, Tracking-Cookies) werden nur mit Ihrer Einwilligung gesetzt (Art. 6 Abs. 1 lit. a DSGVO, \u00a7 25 Abs. 1 TTDSG).<br>Vous pouvez modifier votre consentement \u00e0 tout moment en cliquant sur la banni\u00e8re des cookies.<\/li>\n<\/ul>\n<\/li>\n<\/ul>\n\n\n\n<p><strong>4. Utilisation de Google Analytics<\/strong><\/p>\n\n\n\n<p>Ce site web a \u00e9t\u00e9 cr\u00e9\u00e9 <strong>Google Analytics<\/strong>, un analyste Web de Google Ireland Limited.<\/p>\n\n\n\n<ul class=\"wp-block-list\">\n<li>Google Analytics utilise des cookies qui permettent d'analyser votre utilisation du site.<\/li>\n\n\n\n<li>Les informations obtenues sont, dans ce cas, transmises \u00e0 un serveur de Google situ\u00e9 aux \u00c9tats-Unis, o\u00f9 elles sont g\u00e9r\u00e9es.<\/li>\n\n\n\n<li>Nous utilisons la fonction \"anonymisation IP\", si votre adresse IP au sein de l'UE\/du RFE n'est pas connue avant l'enregistrement.<\/li>\n\n\n\n<li>Die Verarbeitung erfolgt auf Grundlage Ihrer Einwilligung (Art. 6 Abs. 1 lit. a DSGVO).<\/li>\n\n\n\n<li>Les transferts de donn\u00e9es aux \u00c9tats-Unis s'effectuent sur la base du principe de l'\u00e9change de donn\u00e9es. <strong>EU-Standardvertragsklauseln (SCCs)<\/strong> et des <strong>Accords d'\u00e9valuation de la protection des donn\u00e9es pour le cadre UE-\u00c9tats-Unis sur la protection de la vie priv\u00e9e<\/strong>.<\/li>\n<\/ul>\n\n\n\n<p>Vous pouvez modifier votre consentement \u00e0 tout moment en cliquant sur la banni\u00e8re des cookies.<\/p>\n\n\n\n<p><strong>5. Speicherdauer<\/strong><\/p>\n\n\n\n<p>Les donn\u00e9es personnelles ne sont conserv\u00e9es que pendant une p\u00e9riode aussi longue que celle o\u00f9 elles sont n\u00e9cessaires pour les zones d\u00e9sign\u00e9es ou que les conditions d'utilisation pr\u00e9vues par la loi sont remplies.<br>Exemple : Les donn\u00e9es du journal du serveur sont conserv\u00e9es dans un d\u00e9lai de 7 jours, les contacts sont effectu\u00e9s apr\u00e8s l'ach\u00e8vement de l'enregistrement, mais aucun droit d'acc\u00e8s l\u00e9gal n'est pr\u00e9vu.<\/p>\n\n\n\n<p><strong>6. Traitement des donn\u00e9es<\/strong><\/p>\n\n\n\n<p>La consultation de vos donn\u00e9es personnelles par un tiers n'a lieu que si elle est pr\u00e9vue par la loi, si elle est n\u00e9cessaire \u00e0 l'obtention d'un accord (par exemple, un fournisseur de services informatiques, un fournisseur d'h\u00e9bergement ou une entreprise de logistique) ou si vous avez obtenu l'autorisation de l'autorit\u00e9 comp\u00e9tente.<\/p>\n\n\n\n<p><strong>7. Droits des personnes prises en charge<\/strong><\/p>\n\n\n\n<p>Vous avez le droit :<\/p>\n\n\n\n<ul class=\"wp-block-list\">\n<li>Auskunft (Art. 15 DSGVO)<\/li>\n\n\n\n<li>Berichtigung (Art. 16 DSGVO)<\/li>\n\n\n\n<li>L\u00f6schung (Art. 17 DSGVO)<\/li>\n\n\n\n<li>Einschr\u00e4nkung der Verarbeitung (Art. 18 DSGVO)<\/li>\n\n\n\n<li>Daten\u00fcbertragbarkeit (Art. 20 DSGVO)<\/li>\n\n\n\n<li>Widerspruch (Art. 21 DSGVO)<\/li>\n\n\n\n<li>Widerruf Ihrer Einwilligung (Art. 7 DSGVO)<\/li>\n<\/ul>\n\n\n\n<p>D'autre part, vous avez le droit de vous opposer \u00e0 des violations de la loi sur la protection des donn\u00e9es, en particulier dans le cadre de l'application de la loi sur la protection des donn\u00e9es. <strong>D\u00e9l\u00e9gu\u00e9s berlinois pour la protection des donn\u00e9es et la s\u00e9curit\u00e9 de l'information<\/strong> oder bei der f\u00fcr Ihren Wohnsitz zust\u00e4ndigen Beh\u00f6rde.<\/p>\n\n\n\n<p><strong>8. Datenschutzkontakt \/ Datenschutzbeauftragter<\/strong><\/p>\n\n\n\n<p>Si vous avez des questions ou des remarques concernant la protection des donn\u00e9es, veuillez vous adresser \u00e0 nous :<br>Courrier \u00e9lectronique : info@ampulse.energy<\/p>\n\n\n\n<p>Sollte ein Datenschutzbeauftragter gem\u00e4\u00df Art. 37 DSGVO bestellt sein, wird dessen Kontakt hier ver\u00f6ffentlicht.<\/p>\n\n\n\n<p><strong>9. Modifications de cette d\u00e9claration de confidentialit\u00e9 des donn\u00e9es<\/strong><\/p>\n\n\n\n<p>Nous nous engageons \u00e0 ce que cette d\u00e9claration de confidentialit\u00e9 soit accept\u00e9e, afin qu'elle soit accept\u00e9e en cas de modification des lois ou des r\u00e8glements de l'Union europ\u00e9enne. La version actuelle est disponible sur notre site web.<\/p>\n\t\t\t\t\t\t\t\t<\/div>\n\t\t\t\t<\/div>\n\t\t\t\t\t<\/div>\n\t\t\t\t<\/div>\n\t\t\t\t<\/div>","protected":false},"excerpt":{"rendered":"<p>1. Allgemeine Hinweise Wir, die Ampulse GmbH, nehmen den Schutz Ihrer personenbezogenen Daten sehr ernst. Die Erhebung und Verarbeitung Ihrer Daten erfolgt im Einklang mit der Datenschutz-Grundverordnung (DSGVO), dem Bundesdatenschutzgesetz (BDSG) und dem Telekommunikation-Telemedien-Datenschutz-Gesetz (TTDSG). 2. Verantwortlicher Ampulse GmbHReuchlinstr. 10Aufgang R, 5. OG10553 BerlinTelefon: +49 30 346 49 1931E-Mail: info@ampulse.energy 3. Erhebung und Verarbeitung personenbezogener [&hellip;]<\/p>\n","protected":false},"author":6,"featured_media":0,"parent":0,"menu_order":0,"comment_status":"closed","ping_status":"closed","template":"","meta":{"_acf_changed":false,"footnotes":""},"class_list":["post-5860","page","type-page","status-publish","hentry"],"acf":[],"_links":{"self":[{"href":"https:\/\/ampulse.energy\/fr\/wp-json\/wp\/v2\/pages\/5860","targetHints":{"allow":["GET"]}}],"collection":[{"href":"https:\/\/ampulse.energy\/fr\/wp-json\/wp\/v2\/pages"}],"about":[{"href":"https:\/\/ampulse.energy\/fr\/wp-json\/wp\/v2\/types\/page"}],"author":[{"embeddable":true,"href":"https:\/\/ampulse.energy\/fr\/wp-json\/wp\/v2\/users\/6"}],"replies":[{"embeddable":true,"href":"https:\/\/ampulse.energy\/fr\/wp-json\/wp\/v2\/comments?post=5860"}],"version-history":[{"count":14,"href":"https:\/\/ampulse.energy\/fr\/wp-json\/wp\/v2\/pages\/5860\/revisions"}],"predecessor-version":[{"id":5877,"href":"https:\/\/ampulse.energy\/fr\/wp-json\/wp\/v2\/pages\/5860\/revisions\/5877"}],"wp:attachment":[{"href":"https:\/\/ampulse.energy\/fr\/wp-json\/wp\/v2\/media?parent=5860"}],"curies":[{"name":"wp","href":"https:\/\/api.w.org\/{rel}","templated":true}]}}