{"id":5848,"date":"2025-09-29T09:15:33","date_gmt":"2025-09-29T07:15:33","guid":{"rendered":"https:\/\/ampulse.energy\/?page_id=5848"},"modified":"2025-09-29T13:59:55","modified_gmt":"2025-09-29T11:59:55","slug":"terms-of-use","status":"publish","type":"page","link":"https:\/\/ampulse.energy\/fr\/terms-of-use\/","title":{"rendered":"Conditions d'utilisation"},"content":{"rendered":"<div data-elementor-type=\"wp-page\" data-elementor-id=\"5848\" class=\"elementor elementor-5848\" data-elementor-post-type=\"page\">\n\t\t\t\t<div class=\"elementor-element elementor-element-7329b55 e-flex e-con-boxed e-con e-parent\" data-id=\"7329b55\" data-element_type=\"container\" data-e-type=\"container\" data-settings=\"{&quot;background_background&quot;:&quot;classic&quot;}\">\n\t\t\t\t\t<div class=\"e-con-inner\">\n\t\t\t\t<div class=\"elementor-element elementor-element-9b34ab3 elementor-widget elementor-widget-spacer\" data-id=\"9b34ab3\" data-element_type=\"widget\" data-e-type=\"widget\" data-widget_type=\"spacer.default\">\n\t\t\t\t<div class=\"elementor-widget-container\">\n\t\t\t\t\t\t\t<div class=\"elementor-spacer\">\n\t\t\t<div class=\"elementor-spacer-inner\"><\/div>\n\t\t<\/div>\n\t\t\t\t\t\t<\/div>\n\t\t\t\t<\/div>\n\t\t\t\t\t<\/div>\n\t\t\t\t<\/div>\n\t\t<div class=\"elementor-element elementor-element-5ec3b43e e-flex e-con-boxed e-con e-parent\" data-id=\"5ec3b43e\" data-element_type=\"container\" data-e-type=\"container\">\n\t\t\t\t\t<div class=\"e-con-inner\">\n\t\t\t\t<div class=\"elementor-element elementor-element-b19de21 elementor-widget elementor-widget-heading\" data-id=\"b19de21\" data-element_type=\"widget\" data-e-type=\"widget\" data-widget_type=\"heading.default\">\n\t\t\t\t<div class=\"elementor-widget-container\">\n\t\t\t\t\t<h2 class=\"elementor-heading-title elementor-size-default\">Conditions d'utilisation<\/h2>\t\t\t\t<\/div>\n\t\t\t\t<\/div>\n\t\t\t\t<div class=\"elementor-element elementor-element-73dc76 elementor-widget elementor-widget-text-editor\" data-id=\"73dc76\" data-element_type=\"widget\" data-e-type=\"widget\" data-widget_type=\"text-editor.default\">\n\t\t\t\t<div class=\"elementor-widget-container\">\n\t\t\t\t\t\t\t\t\t\n<p><strong>1. Domaine de comp\u00e9tence<\/strong><\/p>\n\n<p>Ces conditions d'utilisation r\u00e9gissent l'utilisation du site Internet d'Ampulse GmbH (ci-apr\u00e8s \"Ampulse\"). L'acc\u00e8s et l'utilisation de ce site Internet sont soumis \u00e0 ces conditions.<\/p>\n\n<p><strong>2. Informations sur le site web<\/strong><\/p>\n\n<p>Les contenus de ce site Web contiennent notamment des informations g\u00e9n\u00e9rales. Ampulse s'efforce d'assurer l'actualit\u00e9, l'exhaustivit\u00e9 et la pertinence des informations fournies, mais n'assume aucune responsabilit\u00e9 \u00e0 cet \u00e9gard.<\/p>\n\n<p><strong>3. Urheberrecht<\/strong><\/p>\n\n<p>Tous les textes, photos, graphiques et autres \u00e9l\u00e9ments sont contraires \u00e0 la loi sur les droits de l'homme. L'utilisation, l'exploitation ou la reproduction \u00e0 des fins priv\u00e9es et non commerciales est contraire aux dispositions l\u00e9gales d'Ampulse en mati\u00e8re de droits d'auteur.<\/p>\n\n<p><strong>4. La garantie de bonne fin (Haftung)<\/strong><\/p>\n\n<p>Ampulse est responsable des dommages caus\u00e9s par l'utilisation ou l'absence d'utilisation de ce site Web, sauf en cas d'erreur ou de n\u00e9gligence grave.<br \/>Le taux d'augmentation de la masse salariale s'\u00e9tablit comme suit <strong>nicht<\/strong> pour les dommages caus\u00e9s \u00e0 la vie, \u00e0 l'int\u00e9grit\u00e9 physique ou \u00e0 la sant\u00e9, ainsi que pour les demandes d'indemnisation au titre de la loi sur les contrats de production.<br \/>Ampulse n'a aucune chance d'obtenir des informations sur les sites web externes, qui sont accessibles par des liens.<\/p>\n\n<p><strong>5. Modifications des dispositions relatives \u00e0 la protection de la vie priv\u00e9e<\/strong><\/p>\n\n<p>Ampulse s'engage \u00e0 ce que ces dispositions de protection soient toujours respect\u00e9es. La version la plus importante est celle qui a \u00e9t\u00e9 diffus\u00e9e sur le site web au moment de la publication. Les modifications ne concernent que le futur. En utilisant le site Internet apr\u00e8s la publication des modifications, vous reconnaissez votre droit \u00e0 l'information.<\/p>\n\n<p><strong>6. Anwendbares Recht und Streitbeilegung<\/strong><\/p>\n\n<p>Il s'agit du droit de la R\u00e9publique f\u00e9d\u00e9rale d'Allemagne.<br \/>La Commission europ\u00e9enne a mis en place une plateforme pour la collecte de donn\u00e9es en ligne (OS-Plattform) : https:\/\/ec.europa.eu\/consumers\/odr.<br \/>Ampulse n'est pas responsable et n'est pas oblig\u00e9 de s'occuper de la transmission des donn\u00e9es sur les piles \u00e0 combustible avant une station d'\u00e9puration des eaux us\u00e9es.<\/p>\n\t\t\t\t\t\t\t\t<\/div>\n\t\t\t\t<\/div>\n\t\t\t\t\t<\/div>\n\t\t\t\t<\/div>\n\t\t\t\t<\/div>","protected":false},"excerpt":{"rendered":"<p>1. Geltungsbereich Diese Nutzungsbedingungen regeln die Nutzung der Website der Ampulse GmbH (nachfolgend \u201eAmpulse\u201c). Durch den Zugriff auf und die Nutzung dieser Website erkl\u00e4ren Sie sich mit diesen Bedingungen einverstanden. 2. Inhalte der Website Die Inhalte dieser Website dienen ausschlie\u00dflich allgemeinen Informationszwecken. Ampulse bem\u00fcht sich um Aktualit\u00e4t, Vollst\u00e4ndigkeit und Richtigkeit der bereitgestellten Informationen, \u00fcbernimmt jedoch [&hellip;]<\/p>\n","protected":false},"author":6,"featured_media":0,"parent":0,"menu_order":0,"comment_status":"closed","ping_status":"closed","template":"","meta":{"_acf_changed":false,"footnotes":""},"class_list":["post-5848","page","type-page","status-publish","hentry"],"acf":[],"_links":{"self":[{"href":"https:\/\/ampulse.energy\/fr\/wp-json\/wp\/v2\/pages\/5848","targetHints":{"allow":["GET"]}}],"collection":[{"href":"https:\/\/ampulse.energy\/fr\/wp-json\/wp\/v2\/pages"}],"about":[{"href":"https:\/\/ampulse.energy\/fr\/wp-json\/wp\/v2\/types\/page"}],"author":[{"embeddable":true,"href":"https:\/\/ampulse.energy\/fr\/wp-json\/wp\/v2\/users\/6"}],"replies":[{"embeddable":true,"href":"https:\/\/ampulse.energy\/fr\/wp-json\/wp\/v2\/comments?post=5848"}],"version-history":[{"count":18,"href":"https:\/\/ampulse.energy\/fr\/wp-json\/wp\/v2\/pages\/5848\/revisions"}],"predecessor-version":[{"id":5887,"href":"https:\/\/ampulse.energy\/fr\/wp-json\/wp\/v2\/pages\/5848\/revisions\/5887"}],"wp:attachment":[{"href":"https:\/\/ampulse.energy\/fr\/wp-json\/wp\/v2\/media?parent=5848"}],"curies":[{"name":"wp","href":"https:\/\/api.w.org\/{rel}","templated":true}]}}