{"id":2508,"date":"2024-12-06T16:06:22","date_gmt":"2024-12-06T15:06:22","guid":{"rendered":"https:\/\/ampulse.energy\/?page_id=2508"},"modified":"2025-09-29T08:55:08","modified_gmt":"2025-09-29T06:55:08","slug":"imprint","status":"publish","type":"page","link":"https:\/\/ampulse.energy\/fr\/imprint\/","title":{"rendered":"Impression"},"content":{"rendered":"<div data-elementor-type=\"wp-page\" data-elementor-id=\"2508\" class=\"elementor elementor-2508\" data-elementor-post-type=\"page\">\n\t\t\t\t<div class=\"elementor-element elementor-element-4019bc0 e-flex e-con-boxed e-con e-parent\" data-id=\"4019bc0\" data-element_type=\"container\" data-e-type=\"container\">\n\t\t\t\t\t<div class=\"e-con-inner\">\n\t\t<div class=\"elementor-element elementor-element-da315c6 e-con-full e-flex e-con e-child\" data-id=\"da315c6\" data-element_type=\"container\" data-e-type=\"container\" data-settings=\"{&quot;background_background&quot;:&quot;classic&quot;}\">\n\t\t\t\t<div class=\"elementor-element elementor-element-e6541be elementor-widget elementor-widget-heading\" data-id=\"e6541be\" data-element_type=\"widget\" data-e-type=\"widget\" data-widget_type=\"heading.default\">\n\t\t\t\t<div class=\"elementor-widget-container\">\n\t\t\t\t\t<h2 class=\"elementor-heading-title elementor-size-default\">IMPRIMER<\/h2>\t\t\t\t<\/div>\n\t\t\t\t<\/div>\n\t\t\t\t<div class=\"elementor-element elementor-element-1678512 elementor-widget elementor-widget-text-editor\" data-id=\"1678512\" data-element_type=\"widget\" data-e-type=\"widget\" data-widget_type=\"text-editor.default\">\n\t\t\t\t<div class=\"elementor-widget-container\">\n\t\t\t\t\t\t\t\t\t<p style=\"font-weight: 400;\"><strong>Ampulse GmbH<\/strong><\/p><p style=\"font-weight: 400;\">Reuchlinstr. 10 \/ Aufgang R, 5\u00e8me \u00e9tage<\/p><p style=\"font-weight: 400;\">10553 Berlin<\/p><p style=\"font-weight: 400;\">T\u00e9l\u00e9phone : +49 30 346 4919 +49 30 346 4919 31<\/p><p style=\"font-weight: 400;\">Courriel : info@ampulse.energy<\/p><p style=\"font-weight: 400;\">Directeur g\u00e9n\u00e9ral : Bj\u00f6rn Heidrich<\/p><p style=\"font-weight: 400;\">Signataires autoris\u00e9s (Procuration) : Murray Greer, Sergey Garmash (conjointement)<\/p><p style=\"font-weight: 400;\">Cour d'enregistrement : AG Charlottenburg HRB266680<\/p><p style=\"font-weight: 400;\">ID TVA : DE370420245<\/p><p style=\"font-weight: 400;\">Lieu d'ex\u00e9cution et juridiction : Berlin<\/p><hr \/><h3>Clause de non-responsabilit\u00e9<\/h3><p>Dans son arr\u00eat du 12 septembre 1999 - 312 O 85\/99 - \"Responsabilit\u00e9 pour les liens\", le tribunal r\u00e9gional de Hambourg a d\u00e9cid\u00e9 que l'inclusion d'un lien peut entra\u00eener une responsabilit\u00e9 conjointe pour le contenu de la page li\u00e9e. Selon le tribunal, cela ne peut \u00eatre \u00e9vit\u00e9 qu'en se distan\u00e7ant explicitement de ces contenus. Par la pr\u00e9sente, nous nous distan\u00e7ons express\u00e9ment de tous les contenus des pages ou graphiques li\u00e9s et ne les faisons pas n\u00f4tres. Toute violation des lois en vigueur, de l'\u00e9tiquette ou des bonnes m\u0153urs dont nous aurions connaissance entra\u00eenerait la suppression imm\u00e9diate des liens, des entr\u00e9es, des graphiques ou de tout autre contenu similaire.<\/p><hr \/><h4>Avis de non-responsabilit\u00e9 :<\/h4><ol><li><p><strong>Contenu de l'offre en ligne<\/strong><br \/>L'auteur n'assume aucune responsabilit\u00e9 quant \u00e0 l'actualit\u00e9, l'exactitude, l'exhaustivit\u00e9 ou la qualit\u00e9 des informations fournies. Toute r\u00e9clamation \u00e0 l'encontre de l'auteur concernant des dommages mat\u00e9riels ou immat\u00e9riels caus\u00e9s par l'utilisation ou la non-utilisation des informations fournies ou par l'utilisation d'informations incorrectes et incompl\u00e8tes est g\u00e9n\u00e9ralement exclue, \u00e0 moins qu'il ne puisse \u00eatre prouv\u00e9 que l'auteur a agi intentionnellement ou par n\u00e9gligence grave. Toutes les offres sont sans engagement et non contraignantes. L'auteur se r\u00e9serve express\u00e9ment le droit de modifier, de compl\u00e9ter, de supprimer des parties de pages ou l'ensemble de l'offre sans pr\u00e9avis, ou de cesser temporairement ou d\u00e9finitivement la publication.<\/p><\/li><li><p><strong>R\u00e9f\u00e9rences et liens<\/strong><br \/>En ce qui concerne les renvois directs ou indirects \u00e0 des sites Internet externes (\"hyperliens\") ne relevant pas de la responsabilit\u00e9 de l'auteur, une obligation de responsabilit\u00e9 n'existerait que dans le cas o\u00f9 l'auteur aurait connaissance des contenus et qu'il lui serait techniquement possible et raisonnable d'en emp\u00eacher l'utilisation en cas de contenus ill\u00e9gaux. Par la pr\u00e9sente, l'auteur d\u00e9clare express\u00e9ment qu'aucun contenu ill\u00e9gal n'\u00e9tait identifiable sur les pages li\u00e9es au moment de la cr\u00e9ation des liens. L'auteur n'a aucune influence sur la conception actuelle ou future, les contenus ou la paternit\u00e9 des pages li\u00e9es. Par cons\u00e9quent, l'auteur se distancie express\u00e9ment de tous les contenus de toutes les pages li\u00e9es\/connect\u00e9es qui ont \u00e9t\u00e9 modifi\u00e9es apr\u00e8s l'\u00e9tablissement des liens. Ceci s'applique \u00e0 tous les liens et renvois au sein de l'offre Internet de l'auteur, ainsi qu'aux entr\u00e9es de tiers dans les livres d'or, les forums de discussion et les listes de diffusion cr\u00e9\u00e9s par l'auteur. En cas de contenus ill\u00e9gaux, erron\u00e9s ou incomplets, et en particulier en cas de dommages r\u00e9sultant de l'utilisation ou de la non-utilisation des informations fournies, seul le fournisseur de la page \u00e0 laquelle il est fait r\u00e9f\u00e9rence est responsable, et non celui qui se contente de renvoyer \u00e0 la publication par le biais de liens.<\/p><\/li><li><p><strong>Droit d'auteur et droit des marques<\/strong><br \/>L'auteur s'efforce de respecter les droits d'auteur des graphiques, documents sonores, s\u00e9quences vid\u00e9o et textes utilis\u00e9s dans toutes les publications, d'utiliser des graphiques, documents sonores, s\u00e9quences vid\u00e9o et textes cr\u00e9\u00e9s par l'auteur ou de s'appuyer sur des graphiques, documents sonores, s\u00e9quences vid\u00e9o et textes sans licence. Toutes les marques de fabrique et de commerce mentionn\u00e9es dans l'offre Internet et \u00e9ventuellement prot\u00e9g\u00e9es par des tiers sont soumises sans restriction aux dispositions du droit des marques en vigueur et aux droits de propri\u00e9t\u00e9 du propri\u00e9taire enregistr\u00e9 respectif. La simple mention ne signifie pas que les marques ne sont pas prot\u00e9g\u00e9es par les droits de tiers ! Les droits d'auteur des objets publi\u00e9s cr\u00e9\u00e9s par l'auteur restent la propri\u00e9t\u00e9 exclusive de l'auteur des pages. La reproduction ou l'utilisation de tels graphiques, documents sonores, s\u00e9quences vid\u00e9o et textes dans d'autres publications \u00e9lectroniques ou imprim\u00e9es n'est pas autoris\u00e9e sans l'accord expr\u00e8s de l'auteur.<\/p><\/li><li><p><strong>Validit\u00e9 juridique du pr\u00e9sent avis de non-responsabilit\u00e9<\/strong><br \/>Cette clause de non-responsabilit\u00e9 doit \u00eatre consid\u00e9r\u00e9e comme faisant partie du site web \u00e0 partir duquel il a \u00e9t\u00e9 fait r\u00e9f\u00e9rence \u00e0 cette page. Si des parties ou des formulations individuelles de ce texte ne sont pas, plus ou pas enti\u00e8rement conformes \u00e0 la situation juridique applicable, les autres parties du document n'en sont pas affect\u00e9es dans leur contenu et leur validit\u00e9.<\/p><\/li><\/ol>\t\t\t\t\t\t\t\t<\/div>\n\t\t\t\t<\/div>\n\t\t\t\t<\/div>\n\t\t\t\t\t<\/div>\n\t\t\t\t<\/div>\n\t\t\t\t<\/div>","protected":false},"excerpt":{"rendered":"<p>IMPRINT Ampulse GmbH Reuchlinstr. 10 \/ Aufgang R, 5th Floor 10553 Berlin Phone: +49 30 346 4919 31 Email: info@ampulse.energy Managing Director: Bj\u00f6rn Heidrich Authorized signatories (Procuration): Murray Greer, Sergey Garmash (jointly) Register Court: AG Charlottenburg HRB266680 VAT ID: DE370420245 Place of Performance and Jurisdiction: Berlin Disclaimer With the ruling of September 12, 1999 \u2013 [&hellip;]<\/p>\n","protected":false},"author":1,"featured_media":0,"parent":0,"menu_order":0,"comment_status":"closed","ping_status":"closed","template":"elementor_header_footer","meta":{"_acf_changed":false,"footnotes":""},"class_list":["post-2508","page","type-page","status-publish","hentry"],"acf":[],"_links":{"self":[{"href":"https:\/\/ampulse.energy\/fr\/wp-json\/wp\/v2\/pages\/2508","targetHints":{"allow":["GET"]}}],"collection":[{"href":"https:\/\/ampulse.energy\/fr\/wp-json\/wp\/v2\/pages"}],"about":[{"href":"https:\/\/ampulse.energy\/fr\/wp-json\/wp\/v2\/types\/page"}],"author":[{"embeddable":true,"href":"https:\/\/ampulse.energy\/fr\/wp-json\/wp\/v2\/users\/1"}],"replies":[{"embeddable":true,"href":"https:\/\/ampulse.energy\/fr\/wp-json\/wp\/v2\/comments?post=2508"}],"version-history":[{"count":67,"href":"https:\/\/ampulse.energy\/fr\/wp-json\/wp\/v2\/pages\/2508\/revisions"}],"predecessor-version":[{"id":5844,"href":"https:\/\/ampulse.energy\/fr\/wp-json\/wp\/v2\/pages\/2508\/revisions\/5844"}],"wp:attachment":[{"href":"https:\/\/ampulse.energy\/fr\/wp-json\/wp\/v2\/media?parent=2508"}],"curies":[{"name":"wp","href":"https:\/\/api.w.org\/{rel}","templated":true}]}}