{"id":806,"date":"2024-11-07T01:52:04","date_gmt":"2024-11-07T00:52:04","guid":{"rendered":"https:\/\/ampulse.energy\/?page_id=806"},"modified":"2025-03-13T11:08:43","modified_gmt":"2025-03-13T10:08:43","slug":"services","status":"publish","type":"page","link":"https:\/\/ampulse.energy\/de\/services\/","title":{"rendered":"Services"},"content":{"rendered":"<div data-elementor-type=\"wp-page\" data-elementor-id=\"806\" class=\"elementor elementor-806\" data-elementor-post-type=\"page\">\n\t\t\t\t<div class=\"elementor-element elementor-element-a97688b e-flex e-con-boxed e-con e-parent\" data-id=\"a97688b\" data-element_type=\"container\" data-e-type=\"container\" data-settings=\"{&quot;background_background&quot;:&quot;classic&quot;}\">\n\t\t\t\t\t<div class=\"e-con-inner\">\n\t\t<div class=\"elementor-element elementor-element-e1c69c7 e-con-full e-flex e-con e-child\" data-id=\"e1c69c7\" data-element_type=\"container\" data-e-type=\"container\">\n\t\t\t\t<div class=\"elementor-element elementor-element-523150c elementor-widget elementor-widget-heading\" data-id=\"523150c\" data-element_type=\"widget\" data-e-type=\"widget\" data-widget_type=\"heading.default\">\n\t\t\t\t<div class=\"elementor-widget-container\">\n\t\t\t\t\t<h2 class=\"elementor-heading-title elementor-size-default\">Design und Technik<\/h2>\t\t\t\t<\/div>\n\t\t\t\t<\/div>\n\t\t\t\t<div class=\"elementor-element elementor-element-f3d2115 elementor-widget elementor-widget-text-editor\" data-id=\"f3d2115\" data-element_type=\"widget\" data-e-type=\"widget\" data-widget_type=\"text-editor.default\">\n\t\t\t\t<div class=\"elementor-widget-container\">\n\t\t\t\t\t\t\t\t\t<p>ELTECs erfahrenes Expertenteam ist auf fortschrittliche technische Integrationsdienste spezialisiert und sorgt daf\u00fcr, dass Transformatoren mit h\u00f6chster Effizienz und Zuverl\u00e4ssigkeit arbeiten. Durch innovative L\u00f6sungen und modernste Technologie optimieren wir die Leistung, erh\u00f6hen die Lebensdauer und verbessern die Energieeffizienz und liefern nahtlose und kosteneffiziente Ergebnisse, die auf Ihre spezifischen Anforderungen zugeschnitten sind.<\/p>\t\t\t\t\t\t\t\t<\/div>\n\t\t\t\t<\/div>\n\t\t\t\t<\/div>\n\t\t<div class=\"elementor-element elementor-element-d49bebf e-con-full e-flex e-con e-child\" data-id=\"d49bebf\" data-element_type=\"container\" data-e-type=\"container\">\n\t\t<div class=\"elementor-element elementor-element-bd5637f e-con-full e-flex e-con e-child\" data-id=\"bd5637f\" data-element_type=\"container\" data-e-type=\"container\">\n\t\t\t\t<div class=\"elementor-element elementor-element-6d54517 elementor-widget elementor-widget-image\" data-id=\"6d54517\" data-element_type=\"widget\" data-e-type=\"widget\" data-widget_type=\"image.default\">\n\t\t\t\t<div class=\"elementor-widget-container\">\n\t\t\t\t\t\t\t\t\t\t\t\t\t\t\t<img fetchpriority=\"high\" decoding=\"async\" width=\"800\" height=\"534\" src=\"https:\/\/ampulse.energy\/wp-content\/uploads\/2025\/02\/electrical-engineer-on-solar-farm-2023-11-27-05-17-23-utc-1024x683.jpg\" class=\"attachment-large size-large wp-image-3427\" alt=\"\" srcset=\"https:\/\/ampulse.energy\/wp-content\/uploads\/2025\/02\/electrical-engineer-on-solar-farm-2023-11-27-05-17-23-utc-1024x683.jpg 1024w, https:\/\/ampulse.energy\/wp-content\/uploads\/2025\/02\/electrical-engineer-on-solar-farm-2023-11-27-05-17-23-utc-300x200.jpg 300w, https:\/\/ampulse.energy\/wp-content\/uploads\/2025\/02\/electrical-engineer-on-solar-farm-2023-11-27-05-17-23-utc-768x512.jpg 768w, https:\/\/ampulse.energy\/wp-content\/uploads\/2025\/02\/electrical-engineer-on-solar-farm-2023-11-27-05-17-23-utc-1536x1024.jpg 1536w, https:\/\/ampulse.energy\/wp-content\/uploads\/2025\/02\/electrical-engineer-on-solar-farm-2023-11-27-05-17-23-utc-2048x1365.jpg 2048w\" sizes=\"(max-width: 800px) 100vw, 800px\" \/>\t\t\t\t\t\t\t\t\t\t\t\t\t\t\t<\/div>\n\t\t\t\t<\/div>\n\t\t\t\t<\/div>\n\t\t\t\t<\/div>\n\t\t\t\t\t<\/div>\n\t\t\t\t<\/div>\n\t\t<div class=\"elementor-element elementor-element-05408d3 e-flex e-con-boxed e-con e-parent\" data-id=\"05408d3\" data-element_type=\"container\" data-e-type=\"container\" data-settings=\"{&quot;background_background&quot;:&quot;classic&quot;}\">\n\t\t\t\t\t<div class=\"e-con-inner\">\n\t\t<div class=\"elementor-element elementor-element-75888b7 e-con-full e-flex e-con e-child\" data-id=\"75888b7\" data-element_type=\"container\" data-e-type=\"container\">\n\t\t<div class=\"elementor-element elementor-element-399a266 e-con-full e-flex e-con e-child\" data-id=\"399a266\" data-element_type=\"container\" data-e-type=\"container\">\n\t\t\t\t<div class=\"elementor-element elementor-element-8c06b86 elementor-widget elementor-widget-image\" data-id=\"8c06b86\" data-element_type=\"widget\" data-e-type=\"widget\" data-widget_type=\"image.default\">\n\t\t\t\t<div class=\"elementor-widget-container\">\n\t\t\t\t\t\t\t\t\t\t\t\t\t\t\t<img fetchpriority=\"high\" decoding=\"async\" width=\"800\" height=\"534\" src=\"https:\/\/ampulse.energy\/wp-content\/uploads\/2025\/02\/electrical-engineer-on-solar-farm-2023-11-27-05-17-23-utc-1024x683.jpg\" class=\"attachment-large size-large wp-image-3427\" alt=\"\" srcset=\"https:\/\/ampulse.energy\/wp-content\/uploads\/2025\/02\/electrical-engineer-on-solar-farm-2023-11-27-05-17-23-utc-1024x683.jpg 1024w, https:\/\/ampulse.energy\/wp-content\/uploads\/2025\/02\/electrical-engineer-on-solar-farm-2023-11-27-05-17-23-utc-300x200.jpg 300w, https:\/\/ampulse.energy\/wp-content\/uploads\/2025\/02\/electrical-engineer-on-solar-farm-2023-11-27-05-17-23-utc-768x512.jpg 768w, https:\/\/ampulse.energy\/wp-content\/uploads\/2025\/02\/electrical-engineer-on-solar-farm-2023-11-27-05-17-23-utc-1536x1024.jpg 1536w, https:\/\/ampulse.energy\/wp-content\/uploads\/2025\/02\/electrical-engineer-on-solar-farm-2023-11-27-05-17-23-utc-2048x1365.jpg 2048w\" sizes=\"(max-width: 800px) 100vw, 800px\" \/>\t\t\t\t\t\t\t\t\t\t\t\t\t\t\t<\/div>\n\t\t\t\t<\/div>\n\t\t\t\t<\/div>\n\t\t\t\t<\/div>\n\t\t<div class=\"elementor-element elementor-element-879ff28 e-con-full e-flex e-con e-child\" data-id=\"879ff28\" data-element_type=\"container\" data-e-type=\"container\">\n\t\t\t\t<div class=\"elementor-element elementor-element-f271dbd elementor-widget elementor-widget-heading\" data-id=\"f271dbd\" data-element_type=\"widget\" data-e-type=\"widget\" data-widget_type=\"heading.default\">\n\t\t\t\t<div class=\"elementor-widget-container\">\n\t\t\t\t\t<h2 class=\"elementor-heading-title elementor-size-default\">Projektleitung<\/h2>\t\t\t\t<\/div>\n\t\t\t\t<\/div>\n\t\t\t\t<div class=\"elementor-element elementor-element-1d17db5 elementor-widget elementor-widget-text-editor\" data-id=\"1d17db5\" data-element_type=\"widget\" data-e-type=\"widget\" data-widget_type=\"text-editor.default\">\n\t\t\t\t<div class=\"elementor-widget-container\">\n\t\t\t\t\t\t\t\t\t<p>Unsere erfahrenen Projektmanager \u00fcberwachen jede Phase des Prozesses mit Pr\u00e4zision und Fachwissen und sorgen f\u00fcr eine nahtlose Koordination und Ausf\u00fchrung. Von der anf\u00e4nglichen Planung und Konstruktion \u00fcber die Herstellung und strenge Pr\u00fcfung bis hin zur endg\u00fcltigen Lieferung verwalten wir jeden Schritt mit akribischer Liebe zum Detail und garantieren Effizienz, Qualit\u00e4t und termingerechte Fertigstellung.<\/p>\t\t\t\t\t\t\t\t<\/div>\n\t\t\t\t<\/div>\n\t\t\t\t<\/div>\n\t\t\t\t\t<\/div>\n\t\t\t\t<\/div>\n\t\t<div class=\"elementor-element elementor-element-73b3902 e-flex e-con-boxed e-con e-parent\" data-id=\"73b3902\" data-element_type=\"container\" data-e-type=\"container\" data-settings=\"{&quot;background_background&quot;:&quot;classic&quot;}\">\n\t\t\t\t\t<div class=\"e-con-inner\">\n\t\t<div class=\"elementor-element elementor-element-78652fb e-con-full e-flex e-con e-child\" data-id=\"78652fb\" data-element_type=\"container\" data-e-type=\"container\">\n\t\t\t\t<div class=\"elementor-element elementor-element-dbb0c64 elementor-widget elementor-widget-heading\" data-id=\"dbb0c64\" data-element_type=\"widget\" data-e-type=\"widget\" data-widget_type=\"heading.default\">\n\t\t\t\t<div class=\"elementor-widget-container\">\n\t\t\t\t\t<h2 class=\"elementor-heading-title elementor-size-default\">Garantie &amp; Serviceunterst\u00fctzung<\/h2>\t\t\t\t<\/div>\n\t\t\t\t<\/div>\n\t\t\t\t<div class=\"elementor-element elementor-element-0b69a2d elementor-widget elementor-widget-text-editor\" data-id=\"0b69a2d\" data-element_type=\"widget\" data-e-type=\"widget\" data-widget_type=\"text-editor.default\">\n\t\t\t\t<div class=\"elementor-widget-container\">\n\t\t\t\t\t\t\t\t\t<p>Wir bieten umfassende Garantie- und Serviceleistungen vor Ort f\u00fcr alle unsere Transformatorenprodukte und sorgen so f\u00fcr Sicherheit und langfristige Zuverl\u00e4ssigkeit. Unser engagiertes Team ist jederzeit bereit, Sie bei der prompten Wartung, Reparatur und allen anderen Serviceanforderungen zu unterst\u00fctzen, damit Sie w\u00e4hrend der gesamten Lebensdauer Ihrer Ger\u00e4te eine kontinuierliche, zuverl\u00e4ssige Leistung erhalten.<\/p>\t\t\t\t\t\t\t\t<\/div>\n\t\t\t\t<\/div>\n\t\t\t\t<\/div>\n\t\t<div class=\"elementor-element elementor-element-07017b3 e-con-full e-flex e-con e-child\" data-id=\"07017b3\" data-element_type=\"container\" data-e-type=\"container\">\n\t\t<div class=\"elementor-element elementor-element-d94d161 e-con-full e-flex e-con e-child\" data-id=\"d94d161\" data-element_type=\"container\" data-e-type=\"container\">\n\t\t\t\t<div class=\"elementor-element elementor-element-eb44a54 elementor-widget elementor-widget-image\" data-id=\"eb44a54\" data-element_type=\"widget\" data-e-type=\"widget\" data-widget_type=\"image.default\">\n\t\t\t\t<div class=\"elementor-widget-container\">\n\t\t\t\t\t\t\t\t\t\t\t\t\t\t\t<img fetchpriority=\"high\" decoding=\"async\" width=\"800\" height=\"534\" src=\"https:\/\/ampulse.energy\/wp-content\/uploads\/2025\/02\/electrical-engineer-on-solar-farm-2023-11-27-05-17-23-utc-1024x683.jpg\" class=\"attachment-large size-large wp-image-3427\" alt=\"\" srcset=\"https:\/\/ampulse.energy\/wp-content\/uploads\/2025\/02\/electrical-engineer-on-solar-farm-2023-11-27-05-17-23-utc-1024x683.jpg 1024w, https:\/\/ampulse.energy\/wp-content\/uploads\/2025\/02\/electrical-engineer-on-solar-farm-2023-11-27-05-17-23-utc-300x200.jpg 300w, https:\/\/ampulse.energy\/wp-content\/uploads\/2025\/02\/electrical-engineer-on-solar-farm-2023-11-27-05-17-23-utc-768x512.jpg 768w, https:\/\/ampulse.energy\/wp-content\/uploads\/2025\/02\/electrical-engineer-on-solar-farm-2023-11-27-05-17-23-utc-1536x1024.jpg 1536w, https:\/\/ampulse.energy\/wp-content\/uploads\/2025\/02\/electrical-engineer-on-solar-farm-2023-11-27-05-17-23-utc-2048x1365.jpg 2048w\" sizes=\"(max-width: 800px) 100vw, 800px\" \/>\t\t\t\t\t\t\t\t\t\t\t\t\t\t\t<\/div>\n\t\t\t\t<\/div>\n\t\t\t\t<\/div>\n\t\t\t\t<\/div>\n\t\t\t\t\t<\/div>\n\t\t\t\t<\/div>\n\t\t\t\t<\/div>","protected":false},"excerpt":{"rendered":"<p>Design and Engineering ELTEC\u2019s team of seasoned experts specializes in advanced engineering integration services, ensuring transformers operate at peak efficiency and reliability. Through innovative solutions and state-of-the-art technology, we optimize performance, enhance durability, and improve energy efficiency, delivering seamless and cost-effective results tailored to your specific needs. Project Management Our experienced project managers oversee every [&hellip;]<\/p>\n","protected":false},"author":1,"featured_media":0,"parent":0,"menu_order":0,"comment_status":"closed","ping_status":"closed","template":"elementor_header_footer","meta":{"_acf_changed":false,"footnotes":""},"class_list":["post-806","page","type-page","status-publish","hentry"],"acf":[],"_links":{"self":[{"href":"https:\/\/ampulse.energy\/de\/wp-json\/wp\/v2\/pages\/806","targetHints":{"allow":["GET"]}}],"collection":[{"href":"https:\/\/ampulse.energy\/de\/wp-json\/wp\/v2\/pages"}],"about":[{"href":"https:\/\/ampulse.energy\/de\/wp-json\/wp\/v2\/types\/page"}],"author":[{"embeddable":true,"href":"https:\/\/ampulse.energy\/de\/wp-json\/wp\/v2\/users\/1"}],"replies":[{"embeddable":true,"href":"https:\/\/ampulse.energy\/de\/wp-json\/wp\/v2\/comments?post=806"}],"version-history":[{"count":91,"href":"https:\/\/ampulse.energy\/de\/wp-json\/wp\/v2\/pages\/806\/revisions"}],"predecessor-version":[{"id":4655,"href":"https:\/\/ampulse.energy\/de\/wp-json\/wp\/v2\/pages\/806\/revisions\/4655"}],"wp:attachment":[{"href":"https:\/\/ampulse.energy\/de\/wp-json\/wp\/v2\/media?parent=806"}],"curies":[{"name":"wp","href":"https:\/\/api.w.org\/{rel}","templated":true}]}}