{"id":1607,"date":"2024-11-13T12:02:35","date_gmt":"2024-11-13T11:02:35","guid":{"rendered":"https:\/\/ampulse.energy\/?page_id=1607"},"modified":"2025-04-02T13:58:30","modified_gmt":"2025-04-02T11:58:30","slug":"home","status":"publish","type":"page","link":"https:\/\/ampulse.energy\/de\/home\/","title":{"rendered":"Startseite"},"content":{"rendered":"<div data-elementor-type=\"wp-page\" data-elementor-id=\"1607\" class=\"elementor elementor-1607\" data-elementor-post-type=\"page\">\n\t\t\t\t<div class=\"elementor-element elementor-element-d00c51b animated-slow e-flex e-con-boxed e-con e-parent\" data-id=\"d00c51b\" data-element_type=\"container\" data-e-type=\"container\" data-settings=\"{&quot;animation&quot;:&quot;none&quot;,&quot;background_background&quot;:&quot;classic&quot;}\">\n\t\t\t\t\t<div class=\"e-con-inner\">\n\t\t<div class=\"elementor-element elementor-element-f77737b e-con-full e-flex e-con e-child\" data-id=\"f77737b\" data-element_type=\"container\" data-e-type=\"container\" data-settings=\"{&quot;background_background&quot;:&quot;classic&quot;}\">\n\t\t<div class=\"elementor-element elementor-element-fe8c9e4 e-con-full e-flex e-con e-child\" data-id=\"fe8c9e4\" data-element_type=\"container\" data-e-type=\"container\">\n\t\t\t\t<div class=\"elementor-element elementor-element-10c213a8 elementor-widget elementor-widget-image\" data-id=\"10c213a8\" data-element_type=\"widget\" data-e-type=\"widget\" data-widget_type=\"image.default\">\n\t\t\t\t<div class=\"elementor-widget-container\">\n\t\t\t\t\t\t\t\t\t\t\t\t\t\t\t<img fetchpriority=\"high\" decoding=\"async\" width=\"800\" height=\"400\" src=\"https:\/\/ampulse.energy\/wp-content\/uploads\/2024\/11\/adobestock-490885965-1200x600-1-1024x512.jpeg\" class=\"attachment-large size-large wp-image-882\" alt=\"\" srcset=\"https:\/\/ampulse.energy\/wp-content\/uploads\/2024\/11\/adobestock-490885965-1200x600-1-1024x512.jpeg 1024w, https:\/\/ampulse.energy\/wp-content\/uploads\/2024\/11\/adobestock-490885965-1200x600-1-600x300.jpeg 600w, https:\/\/ampulse.energy\/wp-content\/uploads\/2024\/11\/adobestock-490885965-1200x600-1-300x150.jpeg 300w, https:\/\/ampulse.energy\/wp-content\/uploads\/2024\/11\/adobestock-490885965-1200x600-1-768x384.jpeg 768w, https:\/\/ampulse.energy\/wp-content\/uploads\/2024\/11\/adobestock-490885965-1200x600-1.jpeg 1200w\" sizes=\"(max-width: 800px) 100vw, 800px\" \/>\t\t\t\t\t\t\t\t\t\t\t\t\t\t\t<\/div>\n\t\t\t\t<\/div>\n\t\t\t\t<\/div>\n\t\t<div class=\"elementor-element elementor-element-a2c060c e-con-full e-flex e-con e-child\" data-id=\"a2c060c\" data-element_type=\"container\" data-e-type=\"container\">\n\t\t\t\t<div class=\"elementor-element elementor-element-708b0630 elementor-widget elementor-widget-heading\" data-id=\"708b0630\" data-element_type=\"widget\" data-e-type=\"widget\" data-widget_type=\"heading.default\">\n\t\t\t\t<div class=\"elementor-widget-container\">\n\t\t\t\t\t<h3 class=\"elementor-heading-title elementor-size-default\">\u00dcber uns<\/h3>\t\t\t\t<\/div>\n\t\t\t\t<\/div>\n\t\t\t\t<div class=\"elementor-element elementor-element-7c089146 elementor-widget elementor-widget-text-editor\" data-id=\"7c089146\" data-element_type=\"widget\" data-e-type=\"widget\" data-widget_type=\"text-editor.default\">\n\t\t\t\t<div class=\"elementor-widget-container\">\n\t\t\t\t\t\t\t\t\t<p>Die Ampulse GmbH ist Teil der ELTEC Gruppe, die seit 1970 besteht. Als exklusiver Partner von TBEA, dem weltweit f\u00fchrenden Transformatorenhersteller, ist Ampulse heute ein f\u00fchrender europ\u00e4ischer Anbieter von Systemintegrationsl\u00f6sungen f\u00fcr Leistungstransformatoren. Mit unserer jahrzehntelangen Erfahrung und unserem Engagement f\u00fcr Innovation liefern wir Spitzentechnologien, die eine nachhaltige Energiezukunft erm\u00f6glichen.<\/p>\t\t\t\t\t\t\t\t<\/div>\n\t\t\t\t<\/div>\n\t\t\t\t<div class=\"elementor-element elementor-element-30bac2e elementor-widget elementor-widget-button\" data-id=\"30bac2e\" data-element_type=\"widget\" data-e-type=\"widget\" data-widget_type=\"button.default\">\n\t\t\t\t<div class=\"elementor-widget-container\">\n\t\t\t\t\t\t\t\t\t<div class=\"elementor-button-wrapper\">\n\t\t\t\t\t<a class=\"elementor-button elementor-button-link elementor-size-sm\" href=\"\/de\/about\/\">\n\t\t\t\t\t\t<span class=\"elementor-button-content-wrapper\">\n\t\t\t\t\t\t<span class=\"elementor-button-icon\">\n\t\t\t\t<svg aria-hidden=\"true\" class=\"e-font-icon-svg e-fas-arrow-right\" viewbox=\"0 0 448 512\" xmlns=\"http:\/\/www.w3.org\/2000\/svg\"><path d=\"M190.5 66.9l22.2-22.2c9.4-9.4 24.6-9.4 33.9 0L441 239c9.4 9.4 9.4 24.6 0 33.9L246.6 467.3c-9.4 9.4-24.6 9.4-33.9 0l-22.2-22.2c-9.5-9.5-9.3-25 .4-34.3L311.4 296H24c-13.3 0-24-10.7-24-24v-32c0-13.3 10.7-24 24-24h287.4L190.9 101.2c-9.8-9.3-10-24.8-.4-34.3z\"><\/path><\/svg>\t\t\t<\/span>\n\t\t\t\t\t\t\t\t\t<span class=\"elementor-button-text\">Mehr erfahren<\/span>\n\t\t\t\t\t<\/span>\n\t\t\t\t\t<\/a>\n\t\t\t\t<\/div>\n\t\t\t\t\t\t\t\t<\/div>\n\t\t\t\t<\/div>\n\t\t\t\t<\/div>\n\t\t\t\t<\/div>\n\t\t\t\t\t<\/div>\n\t\t\t\t<\/div>\n\t\t<div class=\"elementor-element elementor-element-f49d879 e-flex e-con-boxed e-con e-parent\" data-id=\"f49d879\" data-element_type=\"container\" data-e-type=\"container\" data-settings=\"{&quot;background_background&quot;:&quot;classic&quot;}\">\n\t\t\t\t\t<div class=\"e-con-inner\">\n\t\t<div class=\"elementor-element elementor-element-9ba3e9d e-con-full e-flex e-con e-child\" data-id=\"9ba3e9d\" data-element_type=\"container\" data-e-type=\"container\">\n\t\t<div class=\"elementor-element elementor-element-c2426dc e-con-full e-flex e-con e-child\" data-id=\"c2426dc\" data-element_type=\"container\" data-e-type=\"container\">\n\t\t\t\t<div class=\"elementor-element elementor-element-b37c3fe elementor-widget elementor-widget-heading\" data-id=\"b37c3fe\" data-element_type=\"widget\" data-e-type=\"widget\" data-widget_type=\"heading.default\">\n\t\t\t\t<div class=\"elementor-widget-container\">\n\t\t\t\t\t<h3 class=\"elementor-heading-title elementor-size-default\">Unser Engagement<\/h3>\t\t\t\t<\/div>\n\t\t\t\t<\/div>\n\t\t\t\t<div class=\"elementor-element elementor-element-fb254f1 elementor-widget elementor-widget-text-editor\" data-id=\"fb254f1\" data-element_type=\"widget\" data-e-type=\"widget\" data-widget_type=\"text-editor.default\">\n\t\t\t\t<div class=\"elementor-widget-container\">\n\t\t\t\t\t\t\t\t\t<p>In diesem Abschnitt k\u00f6nnen Sie Ihr Unternehmen und die von Ihnen angebotenen Dienstleistungen beschreiben. Sie k\u00f6nnen die Geschichte Ihres Unternehmens und Einzelheiten dar\u00fcber, warum Sie im Gesch\u00e4ft sind, mitteilen. Das Ziel ist es, eine Verbindung mit dem Besucher herzustellen und ihm das Vertrauen zu geben, mit Ihnen zusammenzuarbeiten.\u00a0<span style=\"letter-spacing: 0px; word-spacing: 0em;\">In diesem Abschnitt k\u00f6nnen Sie Ihr Unternehmen und die von Ihnen angebotenen Dienstleistungen beschreiben. Sie k\u00f6nnen die Geschichte Ihres Unternehmens und Einzelheiten dar\u00fcber, warum Sie im Gesch\u00e4ft sind, mitteilen. Das Ziel ist es, eine Verbindung mit dem Besucher herzustellen und ihm das Vertrauen zu geben, mit Ihnen zusammenzuarbeiten.<\/span><\/p>\t\t\t\t\t\t\t\t<\/div>\n\t\t\t\t<\/div>\n\t\t\t\t<div class=\"elementor-element elementor-element-98b6a00 elementor-widget elementor-widget-button\" data-id=\"98b6a00\" data-element_type=\"widget\" data-e-type=\"widget\" data-widget_type=\"button.default\">\n\t\t\t\t<div class=\"elementor-widget-container\">\n\t\t\t\t\t\t\t\t\t<div class=\"elementor-button-wrapper\">\n\t\t\t\t\t<a class=\"elementor-button elementor-button-link elementor-size-sm\" href=\"\/de\/about\/\">\n\t\t\t\t\t\t<span class=\"elementor-button-content-wrapper\">\n\t\t\t\t\t\t<span class=\"elementor-button-icon\">\n\t\t\t\t<svg aria-hidden=\"true\" class=\"e-font-icon-svg e-fas-arrow-right\" viewbox=\"0 0 448 512\" xmlns=\"http:\/\/www.w3.org\/2000\/svg\"><path d=\"M190.5 66.9l22.2-22.2c9.4-9.4 24.6-9.4 33.9 0L441 239c9.4 9.4 9.4 24.6 0 33.9L246.6 467.3c-9.4 9.4-24.6 9.4-33.9 0l-22.2-22.2c-9.5-9.5-9.3-25 .4-34.3L311.4 296H24c-13.3 0-24-10.7-24-24v-32c0-13.3 10.7-24 24-24h287.4L190.9 101.2c-9.8-9.3-10-24.8-.4-34.3z\"><\/path><\/svg>\t\t\t<\/span>\n\t\t\t\t\t\t\t\t\t<span class=\"elementor-button-text\">Mehr erfahren<\/span>\n\t\t\t\t\t<\/span>\n\t\t\t\t\t<\/a>\n\t\t\t\t<\/div>\n\t\t\t\t\t\t\t\t<\/div>\n\t\t\t\t<\/div>\n\t\t\t\t<\/div>\n\t\t<div class=\"elementor-element elementor-element-fe79642 e-con-full e-flex e-con e-child\" data-id=\"fe79642\" data-element_type=\"container\" data-e-type=\"container\">\n\t\t\t\t<div class=\"elementor-element elementor-element-aaffd03 elementor-widget elementor-widget-image\" data-id=\"aaffd03\" data-element_type=\"widget\" data-e-type=\"widget\" data-widget_type=\"image.default\">\n\t\t\t\t<div class=\"elementor-widget-container\">\n\t\t\t\t\t\t\t\t\t\t\t\t\t\t\t<img decoding=\"async\" width=\"800\" height=\"370\" src=\"https:\/\/ampulse.energy\/wp-content\/uploads\/2025\/01\/how_safe_are_solar_panels_desktop-1024x473.jpg\" class=\"attachment-large size-large wp-image-2902\" alt=\"\" srcset=\"https:\/\/ampulse.energy\/wp-content\/uploads\/2025\/01\/how_safe_are_solar_panels_desktop-1024x473.jpg 1024w, https:\/\/ampulse.energy\/wp-content\/uploads\/2025\/01\/how_safe_are_solar_panels_desktop-300x139.jpg 300w, https:\/\/ampulse.energy\/wp-content\/uploads\/2025\/01\/how_safe_are_solar_panels_desktop-768x355.jpg 768w, https:\/\/ampulse.energy\/wp-content\/uploads\/2025\/01\/how_safe_are_solar_panels_desktop-600x277.jpg 600w, https:\/\/ampulse.energy\/wp-content\/uploads\/2025\/01\/how_safe_are_solar_panels_desktop.jpg 1155w\" sizes=\"(max-width: 800px) 100vw, 800px\" \/>\t\t\t\t\t\t\t\t\t\t\t\t\t\t\t<\/div>\n\t\t\t\t<\/div>\n\t\t\t\t<\/div>\n\t\t\t\t<\/div>\n\t\t\t\t\t<\/div>\n\t\t\t\t<\/div>\n\t\t<div class=\"elementor-element elementor-element-7180888 e-con-full e-flex e-con e-parent\" data-id=\"7180888\" data-element_type=\"container\" data-e-type=\"container\">\n\t\t<div class=\"elementor-element elementor-element-f05bc35 e-flex e-con-boxed e-con e-child\" data-id=\"f05bc35\" data-element_type=\"container\" data-e-type=\"container\">\n\t\t\t\t\t<div class=\"e-con-inner\">\n\t\t\t\t<div class=\"elementor-element elementor-element-34eaf88c elementor-widget elementor-widget-heading\" data-id=\"34eaf88c\" data-element_type=\"widget\" data-e-type=\"widget\" data-widget_type=\"heading.default\">\n\t\t\t\t<div class=\"elementor-widget-container\">\n\t\t\t\t\t<h3 class=\"elementor-heading-title elementor-size-default\">Umfassender Service<\/h3>\t\t\t\t<\/div>\n\t\t\t\t<\/div>\n\t\t\t\t\t<\/div>\n\t\t\t\t<\/div>\n\t\t<div class=\"elementor-element elementor-element-008d5ea e-con-full e-flex e-con e-child\" data-id=\"008d5ea\" data-element_type=\"container\" data-e-type=\"container\">\n\t\t<a class=\"elementor-element elementor-element-2d1ec80 e-con-full inner e-flex e-con e-child\" data-id=\"2d1ec80\" data-element_type=\"container\" data-e-type=\"container\" data-settings=\"{&quot;background_background&quot;:&quot;classic&quot;}\" href=\"\/de\/services\/\">\n\t\t<div class=\"elementor-element elementor-element-e4c8d72 e-con-full e-flex e-con e-child\" data-id=\"e4c8d72\" data-element_type=\"container\" data-e-type=\"container\">\n\t\t<div class=\"elementor-element elementor-element-9af0aa9 e-con-full e-flex e-con e-child\" data-id=\"9af0aa9\" data-element_type=\"container\" data-e-type=\"container\">\n\t\t\t\t<div class=\"elementor-element elementor-element-f442914 elementor-widget elementor-widget-image\" data-id=\"f442914\" data-element_type=\"widget\" data-e-type=\"widget\" data-widget_type=\"image.default\">\n\t\t\t\t<div class=\"elementor-widget-container\">\n\t\t\t\t\t\t\t\t\t\t\t\t\t\t\t<img decoding=\"async\" src=\"https:\/\/ampulse.energy\/wp-content\/uploads\/elementor\/thumbs\/electrical-engineer-on-solar-farm-2023-11-27-05-17-23-utc-scaled-r13nue8bqyzid0132q6za5qyzv9fxreiu95m0d6ulg.jpg\" title=\"Elektroingenieur im Solarpark\" alt=\"Electrical engineer on solar farm with large structure Check maintain rehearse damaged parts from use in order to produce electricity with maximum efficiency throughout its service life professionally\" loading=\"lazy\" \/>\t\t\t\t\t\t\t\t\t\t\t\t\t\t\t<\/div>\n\t\t\t\t<\/div>\n\t\t\t\t<\/div>\n\t\t\t\t<div class=\"elementor-element elementor-element-322b3fb7 elementor-widget elementor-widget-heading\" data-id=\"322b3fb7\" data-element_type=\"widget\" data-e-type=\"widget\" data-widget_type=\"heading.default\">\n\t\t\t\t<div class=\"elementor-widget-container\">\n\t\t\t\t\t<h2 class=\"elementor-heading-title elementor-size-default\">Design und Technik<\/h2>\t\t\t\t<\/div>\n\t\t\t\t<\/div>\n\t\t\t\t<div class=\"elementor-element elementor-element-56e6e6e9 elementor-widget elementor-widget-text-editor\" data-id=\"56e6e6e9\" data-element_type=\"widget\" data-e-type=\"widget\" data-widget_type=\"text-editor.default\">\n\t\t\t\t<div class=\"elementor-widget-container\">\n\t\t\t\t\t\t\t\t\t<p>Unsere Experten bei Ampulse bieten hochmoderne technische Integrationsdienstleistungen an und optimieren die Transformatoren f\u00fcr maximale Effizienz und Zuverl\u00e4ssigkeit.<\/p>\t\t\t\t\t\t\t\t<\/div>\n\t\t\t\t<\/div>\n\t\t\t\t<\/div>\n\t\t\t\t<\/a>\n\t\t<a class=\"elementor-element elementor-element-7bc8dc5 e-con-full inner e-flex e-con e-child\" data-id=\"7bc8dc5\" data-element_type=\"container\" data-e-type=\"container\" data-settings=\"{&quot;background_background&quot;:&quot;classic&quot;}\" href=\"\/de\/services\/\">\n\t\t<div class=\"elementor-element elementor-element-3d4eb04 e-con-full e-flex e-con e-child\" data-id=\"3d4eb04\" data-element_type=\"container\" data-e-type=\"container\">\n\t\t\t\t<div class=\"elementor-element elementor-element-134b667 elementor-widget elementor-widget-image\" data-id=\"134b667\" data-element_type=\"widget\" data-e-type=\"widget\" data-widget_type=\"image.default\">\n\t\t\t\t<div class=\"elementor-widget-container\">\n\t\t\t\t\t\t\t\t\t\t\t\t\t\t\t<img decoding=\"async\" src=\"https:\/\/ampulse.energy\/wp-content\/uploads\/elementor\/thumbs\/the-transformer-on-a-concrete-pole-2024-07-27-02-24-18-utc-scaled-r13nuokju5dnwpm2ecnvjl51j3uhafjkjobyaerip0.jpg\" title=\"Der Transformator auf einem Betonmast. Drehstromtransformatoren und\" alt=\"The transformer on a concrete pole. Three-phase transformers and rafts on rails for industrial plants. Transformer on concrete column beams.\" loading=\"lazy\" \/>\t\t\t\t\t\t\t\t\t\t\t\t\t\t\t<\/div>\n\t\t\t\t<\/div>\n\t\t\t\t<\/div>\n\t\t<div class=\"elementor-element elementor-element-5b6b5cc e-con-full e-flex e-con e-child\" data-id=\"5b6b5cc\" data-element_type=\"container\" data-e-type=\"container\">\n\t\t\t\t<div class=\"elementor-element elementor-element-0f5415a elementor-widget elementor-widget-heading\" data-id=\"0f5415a\" data-element_type=\"widget\" data-e-type=\"widget\" data-widget_type=\"heading.default\">\n\t\t\t\t<div class=\"elementor-widget-container\">\n\t\t\t\t\t<h2 class=\"elementor-heading-title elementor-size-default\">Projektleitung<\/h2>\t\t\t\t<\/div>\n\t\t\t\t<\/div>\n\t\t\t\t<div class=\"elementor-element elementor-element-6ec1d54 elementor-widget elementor-widget-text-editor\" data-id=\"6ec1d54\" data-element_type=\"widget\" data-e-type=\"widget\" data-widget_type=\"text-editor.default\">\n\t\t\t\t<div class=\"elementor-widget-container\">\n\t\t\t\t\t\t\t\t\t<p>Unsere Projektmanager sorgen f\u00fcr eine nahtlose Koordination und Ausf\u00fchrung, von der ersten Planung \u00fcber die Fertigung und Pr\u00fcfung bis hin zur endg\u00fcltigen Lieferung.<\/p>\t\t\t\t\t\t\t\t<\/div>\n\t\t\t\t<\/div>\n\t\t\t\t<\/div>\n\t\t\t\t<\/a>\n\t\t<a class=\"elementor-element elementor-element-2534481 e-con-full inner e-flex e-con e-child\" data-id=\"2534481\" data-element_type=\"container\" data-e-type=\"container\" data-settings=\"{&quot;background_background&quot;:&quot;classic&quot;}\" href=\"\/de\/services\/\">\n\t\t<div class=\"elementor-element elementor-element-6e92aeb e-con-full e-flex e-con e-child\" data-id=\"6e92aeb\" data-element_type=\"container\" data-e-type=\"container\">\n\t\t<div class=\"elementor-element elementor-element-1568a22 e-con-full e-flex e-con e-child\" data-id=\"1568a22\" data-element_type=\"container\" data-e-type=\"container\">\n\t\t\t\t<div class=\"elementor-element elementor-element-50324c5 elementor-widget elementor-widget-image\" data-id=\"50324c5\" data-element_type=\"widget\" data-e-type=\"widget\" data-widget_type=\"image.default\">\n\t\t\t\t<div class=\"elementor-widget-container\">\n\t\t\t\t\t\t\t\t\t\t\t\t\t\t\t<img decoding=\"async\" src=\"https:\/\/ampulse.energy\/wp-content\/uploads\/elementor\/thumbs\/pylon-2023-11-27-05-21-50-utc-scaled-r15b8klo4rzmc87imgseo3j98mgkfatft8x16sw6lg.jpg\" title=\"Masten\" alt=\"electricity transmission pylon silhouetted against blue sky at dusk\" loading=\"lazy\" \/>\t\t\t\t\t\t\t\t\t\t\t\t\t\t\t<\/div>\n\t\t\t\t<\/div>\n\t\t\t\t<\/div>\n\t\t\t\t<div class=\"elementor-element elementor-element-757a8da elementor-widget elementor-widget-heading\" data-id=\"757a8da\" data-element_type=\"widget\" data-e-type=\"widget\" data-widget_type=\"heading.default\">\n\t\t\t\t<div class=\"elementor-widget-container\">\n\t\t\t\t\t<h2 class=\"elementor-heading-title elementor-size-default\">Garantie &amp; Serviceunterst\u00fctzung<\/h2>\t\t\t\t<\/div>\n\t\t\t\t<\/div>\n\t\t\t\t<div class=\"elementor-element elementor-element-710e945 elementor-widget elementor-widget-text-editor\" data-id=\"710e945\" data-element_type=\"widget\" data-e-type=\"widget\" data-widget_type=\"text-editor.default\">\n\t\t\t\t<div class=\"elementor-widget-container\">\n\t\t\t\t\t\t\t\t\t<p>Wir bieten Garantie- und Serviceleistungen f\u00fcr unsere Leistungstransformatorprodukte.<\/p>\t\t\t\t\t\t\t\t<\/div>\n\t\t\t\t<\/div>\n\t\t\t\t<\/div>\n\t\t\t\t<\/a>\n\t\t\t\t<\/div>\n\t\t\t\t<\/div>\n\t\t<div class=\"elementor-element elementor-element-09bab92 e-flex e-con-boxed e-con e-parent\" data-id=\"09bab92\" data-element_type=\"container\" data-e-type=\"container\" data-settings=\"{&quot;background_background&quot;:&quot;classic&quot;}\">\n\t\t\t\t\t<div class=\"e-con-inner\">\n\t\t<div class=\"elementor-element elementor-element-d5aa7a9 e-con-full e-flex e-con e-child\" data-id=\"d5aa7a9\" data-element_type=\"container\" data-e-type=\"container\">\n\t\t\t\t<div class=\"elementor-element elementor-element-6fe79ad elementor-widget elementor-widget-heading\" data-id=\"6fe79ad\" data-element_type=\"widget\" data-e-type=\"widget\" data-widget_type=\"heading.default\">\n\t\t\t\t<div class=\"elementor-widget-container\">\n\t\t\t\t\t<h2 class=\"elementor-heading-title elementor-size-default\">Mit unseren Partnern<\/h2>\t\t\t\t<\/div>\n\t\t\t\t<\/div>\n\t\t\t\t<div class=\"elementor-element elementor-element-e942580 elementor-testimonial--layout-image_above elementor-testimonial--skin-default elementor-testimonial--align-center elementor-widget elementor-widget-testimonial-carousel\" data-id=\"e942580\" data-element_type=\"widget\" data-e-type=\"widget\" data-settings=\"{&quot;slides_per_view&quot;:&quot;6&quot;,&quot;slides_to_scroll&quot;:&quot;1&quot;,&quot;speed&quot;:3500,&quot;autoplay_speed&quot;:0,&quot;lazyload&quot;:&quot;yes&quot;,&quot;slides_per_view_tablet&quot;:&quot;4&quot;,&quot;slides_per_view_mobile&quot;:&quot;2&quot;,&quot;autoplay&quot;:&quot;yes&quot;,&quot;loop&quot;:&quot;yes&quot;,&quot;space_between&quot;:{&quot;unit&quot;:&quot;px&quot;,&quot;size&quot;:10,&quot;sizes&quot;:[]},&quot;space_between_widescreen&quot;:{&quot;unit&quot;:&quot;px&quot;,&quot;size&quot;:10,&quot;sizes&quot;:[]},&quot;space_between_laptop&quot;:{&quot;unit&quot;:&quot;px&quot;,&quot;size&quot;:10,&quot;sizes&quot;:[]},&quot;space_between_tablet_extra&quot;:{&quot;unit&quot;:&quot;px&quot;,&quot;size&quot;:10,&quot;sizes&quot;:[]},&quot;space_between_tablet&quot;:{&quot;unit&quot;:&quot;px&quot;,&quot;size&quot;:10,&quot;sizes&quot;:[]},&quot;space_between_mobile_extra&quot;:{&quot;unit&quot;:&quot;px&quot;,&quot;size&quot;:10,&quot;sizes&quot;:[]},&quot;space_between_mobile&quot;:{&quot;unit&quot;:&quot;px&quot;,&quot;size&quot;:10,&quot;sizes&quot;:[]}}\" data-widget_type=\"testimonial-carousel.default\">\n\t\t\t\t<div class=\"elementor-widget-container\">\n\t\t\t\t\t\t\t\t\t<div class=\"elementor-swiper\">\n\t\t\t\t\t<div class=\"elementor-main-swiper swiper\" role=\"region\" aria-roledescription=\"carousel\" aria-label=\"Folien\">\n\t\t\t\t<div class=\"swiper-wrapper\">\n\t\t\t\t\t\t\t\t\t\t\t<div class=\"swiper-slide\" role=\"group\" aria-roledescription=\"slide\">\n\t\t\t\t\t\t\t\t\t<div class=\"elementor-testimonial\">\n\t\t\t\t\t\t\t<div class=\"elementor-testimonial__content\">\n\t\t\t\t\t<div class=\"elementor-testimonial__text\">\n\t\t\t\t\t\t<img decoding=\"async\" src=\"\/wp-content\/uploads\/2024\/12\/AHK-Logo.png\" width=\"300\" height=\"50\"\/>\t\t\t\t\t<\/div>\n\t\t\t\t\t\t\t\t\t<\/div>\n\t\t\t\t\t\t<div class=\"elementor-testimonial__footer\">\n\t\t\t\t\t\t\t\t\t\t\t<\/div>\n\t\t<\/div>\n\t\t\t\t\t\t\t\t<\/div>\n\t\t\t\t\t\t\t\t\t\t\t<div class=\"swiper-slide\" role=\"group\" aria-roledescription=\"slide\">\n\t\t\t\t\t\t\t\t\t<div class=\"elementor-testimonial\">\n\t\t\t\t\t\t\t<div class=\"elementor-testimonial__content\">\n\t\t\t\t\t<div class=\"elementor-testimonial__text\">\n\t\t\t\t\t\t<img loading=\"lazy\" decoding=\"async\" src=\"\/wp-content\/uploads\/2024\/12\/Capital-Club-Logo.png\" width=\"150\" height=\"50\"\/>\t\t\t\t\t<\/div>\n\t\t\t\t\t\t\t\t\t<\/div>\n\t\t\t\t\t\t<div class=\"elementor-testimonial__footer\">\n\t\t\t\t\t\t\t\t\t\t\t<\/div>\n\t\t<\/div>\n\t\t\t\t\t\t\t\t<\/div>\n\t\t\t\t\t\t\t\t\t\t\t<div class=\"swiper-slide\" role=\"group\" aria-roledescription=\"slide\">\n\t\t\t\t\t\t\t\t\t<div class=\"elementor-testimonial\">\n\t\t\t\t\t\t\t<div class=\"elementor-testimonial__content\">\n\t\t\t\t\t<div class=\"elementor-testimonial__text\">\n\t\t\t\t\t\t<img loading=\"lazy\" decoding=\"async\" src=\"\/wp-content\/uploads\/2024\/12\/Slideshow-Logo-ELTEC-Green.png\" width=\"150\" height=\"50\"\/>\t\t\t\t\t<\/div>\n\t\t\t\t\t\t\t\t\t<\/div>\n\t\t\t\t\t\t<div class=\"elementor-testimonial__footer\">\n\t\t\t\t\t\t\t\t\t\t\t<\/div>\n\t\t<\/div>\n\t\t\t\t\t\t\t\t<\/div>\n\t\t\t\t\t\t\t\t\t\t\t<div class=\"swiper-slide\" role=\"group\" aria-roledescription=\"slide\">\n\t\t\t\t\t\t\t\t\t<div class=\"elementor-testimonial\">\n\t\t\t\t\t\t\t<div class=\"elementor-testimonial__content\">\n\t\t\t\t\t<div class=\"elementor-testimonial__text\">\n\t\t\t\t\t\t<img loading=\"lazy\" decoding=\"async\" src=\"\/wp-content\/uploads\/2024\/12\/TBEA-Logo.png\" width=\"150\" height=\"50\"\/>\t\t\t\t\t<\/div>\n\t\t\t\t\t\t\t\t\t<\/div>\n\t\t\t\t\t\t<div class=\"elementor-testimonial__footer\">\n\t\t\t\t\t\t\t\t\t\t\t<\/div>\n\t\t<\/div>\n\t\t\t\t\t\t\t\t<\/div>\n\t\t\t\t\t\t\t\t\t\t\t<div class=\"swiper-slide\" role=\"group\" aria-roledescription=\"slide\">\n\t\t\t\t\t\t\t\t\t<div class=\"elementor-testimonial\">\n\t\t\t\t\t\t\t<div class=\"elementor-testimonial__content\">\n\t\t\t\t\t<div class=\"elementor-testimonial__text\">\n\t\t\t\t\t\t<img loading=\"lazy\" decoding=\"async\" src=\"\/wp-content\/uploads\/2024\/12\/TBEA-Logo.png\" width=\"150\" height=\"50\"\/>\t\t\t\t\t<\/div>\n\t\t\t\t\t\t\t\t\t<\/div>\n\t\t\t\t\t\t<div class=\"elementor-testimonial__footer\">\n\t\t\t\t\t\t\t\t\t\t\t<\/div>\n\t\t<\/div>\n\t\t\t\t\t\t\t\t<\/div>\n\t\t\t\t\t\t\t\t\t\t\t<div class=\"swiper-slide\" role=\"group\" aria-roledescription=\"slide\">\n\t\t\t\t\t\t\t\t\t<div class=\"elementor-testimonial\">\n\t\t\t\t\t\t\t<div class=\"elementor-testimonial__content\">\n\t\t\t\t\t<div class=\"elementor-testimonial__text\">\n\t\t\t\t\t\t<img loading=\"lazy\" decoding=\"async\" src=\"\/wp-content\/uploads\/2024\/12\/TBEA-Logo.png\" width=\"150\" height=\"50\"\/>\t\t\t\t\t<\/div>\n\t\t\t\t\t\t\t\t\t<\/div>\n\t\t\t\t\t\t<div class=\"elementor-testimonial__footer\">\n\t\t\t\t\t\t\t\t\t\t\t<\/div>\n\t\t<\/div>\n\t\t\t\t\t\t\t\t<\/div>\n\t\t\t\t\t\t\t\t\t\t\t<div class=\"swiper-slide\" role=\"group\" aria-roledescription=\"slide\">\n\t\t\t\t\t\t\t\t\t<div class=\"elementor-testimonial\">\n\t\t\t\t\t\t\t<div class=\"elementor-testimonial__content\">\n\t\t\t\t\t<div class=\"elementor-testimonial__text\">\n\t\t\t\t\t\t<img loading=\"lazy\" decoding=\"async\" src=\"\/wp-content\/uploads\/2024\/12\/TBEA-Logo.png\" width=\"150\" height=\"50\"\/>\t\t\t\t\t<\/div>\n\t\t\t\t\t\t\t\t\t<\/div>\n\t\t\t\t\t\t<div class=\"elementor-testimonial__footer\">\n\t\t\t\t\t\t\t\t\t\t\t<\/div>\n\t\t<\/div>\n\t\t\t\t\t\t\t\t<\/div>\n\t\t\t\t\t\t\t\t\t<\/div>\n\t\t\t\t\t\t\t\t\t\t\t\t\t\t\t\t\t\t\t\t\t<\/div>\n\t\t\t\t<\/div>\n\t\t\t\t\t\t\t\t<\/div>\n\t\t\t\t<\/div>\n\t\t\t\t<\/div>\n\t\t\t\t\t<\/div>\n\t\t\t\t<\/div>\n\t\t\t\t<\/div>","protected":false},"excerpt":{"rendered":"<p>Transforming Energy. We are supplying several European countries with cutting-edge high-voltage transformers designed for stable and efficient power transmission. Our focus: a secure and sustainable energy supply for the future. Learn more About Us Ampulse GmbH is part of the ELTEC Group which has been in operation since 1970. As exclusive partner to TBEA the [&hellip;]<\/p>\n","protected":false},"author":1,"featured_media":0,"parent":0,"menu_order":0,"comment_status":"closed","ping_status":"closed","template":"elementor_header_footer","meta":{"_acf_changed":false,"footnotes":""},"class_list":["post-1607","page","type-page","status-publish","hentry"],"acf":[],"_links":{"self":[{"href":"https:\/\/ampulse.energy\/de\/wp-json\/wp\/v2\/pages\/1607","targetHints":{"allow":["GET"]}}],"collection":[{"href":"https:\/\/ampulse.energy\/de\/wp-json\/wp\/v2\/pages"}],"about":[{"href":"https:\/\/ampulse.energy\/de\/wp-json\/wp\/v2\/types\/page"}],"author":[{"embeddable":true,"href":"https:\/\/ampulse.energy\/de\/wp-json\/wp\/v2\/users\/1"}],"replies":[{"embeddable":true,"href":"https:\/\/ampulse.energy\/de\/wp-json\/wp\/v2\/comments?post=1607"}],"version-history":[{"count":1144,"href":"https:\/\/ampulse.energy\/de\/wp-json\/wp\/v2\/pages\/1607\/revisions"}],"predecessor-version":[{"id":4831,"href":"https:\/\/ampulse.energy\/de\/wp-json\/wp\/v2\/pages\/1607\/revisions\/4831"}],"wp:attachment":[{"href":"https:\/\/ampulse.energy\/de\/wp-json\/wp\/v2\/media?parent=1607"}],"curies":[{"name":"wp","href":"https:\/\/api.w.org\/{rel}","templated":true}]}}